{"id":19306,"date":"2019-05-15T06:19:48","date_gmt":"2019-05-15T06:19:48","guid":{"rendered":"https:\/\/akorug.ch\/?post_type=product&#038;p=19306"},"modified":"2026-03-28T10:17:25","modified_gmt":"2026-03-28T10:17:25","slug":"luri-tabiebaft-18697","status":"publish","type":"product","link":"https:\/\/akorug.ch\/en\/shop\/luri-tabiebaft-18697\/","title":{"rendered":"Luri-Tabiebaft . 18697"},"content":{"rendered":"","protected":false},"excerpt":{"rendered":"<table style=\"width: 474px;\">\n<tbody>\n<tr>\n<td style=\"width: 140px;\">Width:<\/td>\n<td style=\"width: 318px;\">268 cm<\/td>\n<\/tr>\n<tr>\n<td style=\"width: 140px;\">Length:<\/td>\n<td style=\"width: 318px;\">320 cm<\/td>\n<\/tr>\n<tr>\n<td style=\"width: 140px;\">Specifictions:<\/td>\n<td style=\"width: 318px;\">South Persia, Nomadic Rugs, natural dyes<\/td>\n<\/tr>\n<tr>\n<td style=\"width: 140px;\">Warp:<\/td>\n<td style=\"width: 318px;\">Wool<\/td>\n<\/tr>\n<tr>\n<td style=\"width: 140px;\">Weft:<\/td>\n<td style=\"width: 318px;\">Wool<\/td>\n<\/tr>\n<tr>\n<td style=\"width: 140px;\">Pile:<\/td>\n<td style=\"width: 318px;\">100% Virgin Wool<\/td>\n<\/tr>\n<tr>\n<td style=\"width: 140px;\">Type of Knots:<\/td>\n<td style=\"width: 318px;\">Persian Senneh-Knots, hand-knotted<\/td>\n<\/tr>\n<tr>\n<td style=\"width: 140px;\">Number of Knots:<\/td>\n<td style=\"width: 318px;\">ca. 160 000 Knots p\/m\u00b2<\/td>\n<\/tr>\n<\/tbody>\n<\/table>\n","protected":false},"featured_media":24622,"comment_status":"open","ping_status":"closed","template":"","meta":{"_mi_skip_tracking":false,"_exactmetrics_sitenote_active":false,"_exactmetrics_sitenote_note":"","_exactmetrics_sitenote_category":0},"product_cat":[213],"product_tag":[],"class_list":["post-19306","product","type-product","status-publish","has-post-thumbnail","hentry","product_cat-online-shop","pa_art-bis-20"],"yoast_head":"<!-- This site is optimized with the Yoast SEO plugin v21.4 - https:\/\/yoast.com\/wordpress\/plugins\/seo\/ -->\n<title>Luri-Tabiebaft . 18697 - Akorug<\/title>\n<meta name=\"robots\" content=\"index, follow, max-snippet:-1, max-image-preview:large, max-video-preview:-1\" \/>\n<link rel=\"canonical\" href=\"https:\/\/akorug.ch\/shop\/luri-tabiebaft-18697\/\" \/>\n<meta property=\"og:locale\" content=\"en_US\" \/>\n<meta property=\"og:type\" content=\"article\" \/>\n<meta property=\"og:title\" content=\"Luri-Tabiebaft . 18697 - Akorug\" \/>\n<meta property=\"og:description\" content=\"[:de]   Breite: 268 cm   L\u00e4nge: 320 cm   Zusatz: S\u00fcdpersien, Nomadenteppich, naturgef\u00e4rbt   Kette: Wolle   Schuss: Wolle   Flor: 100% reine Schurwolle   Knotenart: Persischer Senneh-Knoten, handgekn\u00fcpft   Knotenzahl: ca. 160 000 p\/m\u00b2    Biege 11[:en]   Width: 268 cm   Length: 320 cm   Specifictions: South Persia, Nomadic Rugs, natural dyes   Warp: Wool   Weft: Wool   Pile: 100% Virgin Wool   Type of Knots: Persian Senneh-Knots, hand-knotted   Number of Knots: ca. 160 000 Knots p\/m\u00b2   [:]\" \/>\n<meta property=\"og:url\" content=\"https:\/\/akorug.ch\/shop\/luri-tabiebaft-18697\/\" \/>\n<meta property=\"og:site_name\" content=\"Akorug\" \/>\n<meta property=\"article:modified_time\" content=\"2026-03-28T10:17:25+00:00\" \/>\n<meta property=\"og:image\" content=\"https:\/\/akorug.ch\/assets\/18697-s.jpg\" \/>\n\t<meta property=\"og:image:width\" content=\"1050\" \/>\n\t<meta property=\"og:image:height\" content=\"800\" \/>\n\t<meta property=\"og:image:type\" content=\"image\/jpeg\" \/>\n<meta name=\"twitter:card\" content=\"summary_large_image\" \/>\n<script type=\"application\/ld+json\" class=\"yoast-schema-graph\">{\"@context\":\"https:\/\/schema.org\",\"@graph\":[{\"@type\":\"WebPage\",\"@id\":\"https:\/\/akorug.ch\/shop\/luri-tabiebaft-18697\/\",\"url\":\"https:\/\/akorug.ch\/shop\/luri-tabiebaft-18697\/\",\"name\":\"Luri-Tabiebaft . 18697 - Akorug\",\"isPartOf\":{\"@id\":\"https:\/\/akorug.ch\/#website\"},\"datePublished\":\"2019-05-15T06:19:48+00:00\",\"dateModified\":\"2026-03-28T10:17:25+00:00\",\"breadcrumb\":{\"@id\":\"https:\/\/akorug.ch\/shop\/luri-tabiebaft-18697\/#breadcrumb\"},\"inLanguage\":\"en-US\",\"potentialAction\":[{\"@type\":\"ReadAction\",\"target\":[\"https:\/\/akorug.ch\/shop\/luri-tabiebaft-18697\/\"]}]},{\"@type\":\"BreadcrumbList\",\"@id\":\"https:\/\/akorug.ch\/shop\/luri-tabiebaft-18697\/#breadcrumb\",\"itemListElement\":[{\"@type\":\"ListItem\",\"position\":1,\"name\":\"Startseite\",\"item\":\"https:\/\/akorug.ch\/\"},{\"@type\":\"ListItem\",\"position\":2,\"name\":\"Shop\",\"item\":\"https:\/\/akorug.ch\/shop\/\"},{\"@type\":\"ListItem\",\"position\":3,\"name\":\"Luri-Tabiebaft . 18697\"}]},{\"@type\":\"WebSite\",\"@id\":\"https:\/\/akorug.ch\/#website\",\"url\":\"https:\/\/akorug.ch\/\",\"name\":\"Akorug\",\"description\":\"Akorug AG - Hier finden Sie ihr Teppich!\",\"publisher\":{\"@id\":\"https:\/\/akorug.ch\/#organization\"},\"potentialAction\":[{\"@type\":\"SearchAction\",\"target\":{\"@type\":\"EntryPoint\",\"urlTemplate\":\"https:\/\/akorug.ch\/?s={search_term_string}\"},\"query-input\":\"required name=search_term_string\"}],\"inLanguage\":\"en-US\"},{\"@type\":\"Organization\",\"@id\":\"https:\/\/akorug.ch\/#organization\",\"name\":\"Akorug\",\"url\":\"https:\/\/akorug.ch\/\",\"logo\":{\"@type\":\"ImageObject\",\"inLanguage\":\"en-US\",\"@id\":\"https:\/\/akorug.ch\/#\/schema\/logo\/image\/\",\"url\":\"https:\/\/akorug.ch\/assets\/akorug.png\",\"contentUrl\":\"https:\/\/akorug.ch\/assets\/akorug.png\",\"width\":130,\"height\":100,\"caption\":\"Akorug\"},\"image\":{\"@id\":\"https:\/\/akorug.ch\/#\/schema\/logo\/image\/\"}}]}<\/script>\n<!-- \/ Yoast SEO plugin. -->","yoast_head_json":{"title":"Luri-Tabiebaft . 18697 - Akorug","robots":{"index":"index","follow":"follow","max-snippet":"max-snippet:-1","max-image-preview":"max-image-preview:large","max-video-preview":"max-video-preview:-1"},"canonical":"https:\/\/akorug.ch\/shop\/luri-tabiebaft-18697\/","og_locale":"en_US","og_type":"article","og_title":"Luri-Tabiebaft . 18697 - Akorug","og_description":"[:de]   Breite: 268 cm   L\u00e4nge: 320 cm   Zusatz: S\u00fcdpersien, Nomadenteppich, naturgef\u00e4rbt   Kette: Wolle   Schuss: Wolle   Flor: 100% reine Schurwolle   Knotenart: Persischer Senneh-Knoten, handgekn\u00fcpft   Knotenzahl: ca. 160 000 p\/m\u00b2    Biege 11[:en]   Width: 268 cm   Length: 320 cm   Specifictions: South Persia, Nomadic Rugs, natural dyes   Warp: Wool   Weft: Wool   Pile: 100% Virgin Wool   Type of Knots: Persian Senneh-Knots, hand-knotted   Number of Knots: ca. 160 000 Knots p\/m\u00b2   [:]","og_url":"https:\/\/akorug.ch\/shop\/luri-tabiebaft-18697\/","og_site_name":"Akorug","article_modified_time":"2026-03-28T10:17:25+00:00","og_image":[{"width":1050,"height":800,"url":"https:\/\/akorug.ch\/assets\/18697-s.jpg","type":"image\/jpeg"}],"twitter_card":"summary_large_image","schema":{"@context":"https:\/\/schema.org","@graph":[{"@type":"WebPage","@id":"https:\/\/akorug.ch\/shop\/luri-tabiebaft-18697\/","url":"https:\/\/akorug.ch\/shop\/luri-tabiebaft-18697\/","name":"Luri-Tabiebaft . 18697 - Akorug","isPartOf":{"@id":"https:\/\/akorug.ch\/#website"},"datePublished":"2019-05-15T06:19:48+00:00","dateModified":"2026-03-28T10:17:25+00:00","breadcrumb":{"@id":"https:\/\/akorug.ch\/shop\/luri-tabiebaft-18697\/#breadcrumb"},"inLanguage":"en-US","potentialAction":[{"@type":"ReadAction","target":["https:\/\/akorug.ch\/shop\/luri-tabiebaft-18697\/"]}]},{"@type":"BreadcrumbList","@id":"https:\/\/akorug.ch\/shop\/luri-tabiebaft-18697\/#breadcrumb","itemListElement":[{"@type":"ListItem","position":1,"name":"Startseite","item":"https:\/\/akorug.ch\/"},{"@type":"ListItem","position":2,"name":"Shop","item":"https:\/\/akorug.ch\/shop\/"},{"@type":"ListItem","position":3,"name":"Luri-Tabiebaft . 18697"}]},{"@type":"WebSite","@id":"https:\/\/akorug.ch\/#website","url":"https:\/\/akorug.ch\/","name":"Akorug","description":"Akorug AG - Hier finden Sie ihr Teppich!","publisher":{"@id":"https:\/\/akorug.ch\/#organization"},"potentialAction":[{"@type":"SearchAction","target":{"@type":"EntryPoint","urlTemplate":"https:\/\/akorug.ch\/?s={search_term_string}"},"query-input":"required name=search_term_string"}],"inLanguage":"en-US"},{"@type":"Organization","@id":"https:\/\/akorug.ch\/#organization","name":"Akorug","url":"https:\/\/akorug.ch\/","logo":{"@type":"ImageObject","inLanguage":"en-US","@id":"https:\/\/akorug.ch\/#\/schema\/logo\/image\/","url":"https:\/\/akorug.ch\/assets\/akorug.png","contentUrl":"https:\/\/akorug.ch\/assets\/akorug.png","width":130,"height":100,"caption":"Akorug"},"image":{"@id":"https:\/\/akorug.ch\/#\/schema\/logo\/image\/"}}]}},"_links":{"self":[{"href":"https:\/\/akorug.ch\/en\/wp-json\/wp\/v2\/product\/19306","targetHints":{"allow":["GET"]}}],"collection":[{"href":"https:\/\/akorug.ch\/en\/wp-json\/wp\/v2\/product"}],"about":[{"href":"https:\/\/akorug.ch\/en\/wp-json\/wp\/v2\/types\/product"}],"replies":[{"embeddable":true,"href":"https:\/\/akorug.ch\/en\/wp-json\/wp\/v2\/comments?post=19306"}],"wp:featuredmedia":[{"embeddable":true,"href":"https:\/\/akorug.ch\/en\/wp-json\/wp\/v2\/media\/24622"}],"wp:attachment":[{"href":"https:\/\/akorug.ch\/en\/wp-json\/wp\/v2\/media?parent=19306"}],"wp:term":[{"taxonomy":"product_cat","embeddable":true,"href":"https:\/\/akorug.ch\/en\/wp-json\/wp\/v2\/product_cat?post=19306"},{"taxonomy":"product_tag","embeddable":true,"href":"https:\/\/akorug.ch\/en\/wp-json\/wp\/v2\/product_tag?post=19306"}],"curies":[{"name":"wp","href":"https:\/\/api.w.org\/{rel}","templated":true}]}}