{"id":17399,"date":"2019-02-20T08:49:15","date_gmt":"2019-02-20T08:49:15","guid":{"rendered":"https:\/\/akorug.ch\/?post_type=product&#038;p=17399"},"modified":"2026-03-14T08:44:21","modified_gmt":"2026-03-14T08:44:21","slug":"luribaft-19634","status":"publish","type":"product","link":"https:\/\/akorug.ch\/en\/shop\/luribaft-19634\/","title":{"rendered":"Luri-Tabiebaft . 19634"},"content":{"rendered":"","protected":false},"excerpt":{"rendered":"<table style=\"width: 474px;\">\n<tbody>\n<tr>\n<td style=\"width: 167px;\">Width:<\/td>\n<td style=\"width: 473px;\">303 cm<\/td>\n<\/tr>\n<tr>\n<td style=\"width: 167px;\">Length:<\/td>\n<td style=\"width: 473px;\">368 cm<\/td>\n<\/tr>\n<tr>\n<td style=\"width: 167px;\">Specifictions:<\/td>\n<td style=\"width: 473px;\">South Persia, Nomadic Rugs, natural dyes<\/td>\n<\/tr>\n<tr>\n<td style=\"width: 167px;\">Warp:<\/td>\n<td style=\"width: 473px;\">Wool<\/td>\n<\/tr>\n<tr>\n<td style=\"width: 167px;\">Weft:<\/td>\n<td style=\"width: 473px;\">Wool<\/td>\n<\/tr>\n<tr>\n<td style=\"width: 167px;\">Pile:<\/td>\n<td style=\"width: 473px;\">100% Virgin Wool<\/td>\n<\/tr>\n<tr>\n<td style=\"width: 167px;\">Type of Knots:<\/td>\n<td style=\"width: 473px;\">Persian Senneh-Knots, hand-knotted<\/td>\n<\/tr>\n<tr>\n<td style=\"width: 167px;\">Number of Knots:<\/td>\n<td style=\"width: 473px;\">ca. 160 000 Knots p\/m\u00b2<\/td>\n<\/tr>\n<\/tbody>\n<\/table>\n","protected":false},"featured_media":24417,"comment_status":"open","ping_status":"closed","template":"","meta":{"_mi_skip_tracking":false,"_exactmetrics_sitenote_active":false,"_exactmetrics_sitenote_note":"","_exactmetrics_sitenote_category":0},"product_cat":[213],"product_tag":[],"class_list":["post-17399","product","type-product","status-publish","has-post-thumbnail","hentry","product_cat-online-shop","pa_art-bis-20"],"yoast_head":"<!-- This site is optimized with the Yoast SEO plugin v21.4 - https:\/\/yoast.com\/wordpress\/plugins\/seo\/ -->\n<title>Luri-Tabiebaft . 19634 - Akorug<\/title>\n<meta name=\"robots\" content=\"index, follow, max-snippet:-1, max-image-preview:large, max-video-preview:-1\" \/>\n<link rel=\"canonical\" href=\"https:\/\/akorug.ch\/shop\/luribaft-19634\/\" \/>\n<meta property=\"og:locale\" content=\"en_US\" \/>\n<meta property=\"og:type\" content=\"article\" \/>\n<meta property=\"og:title\" content=\"Luri-Tabiebaft . 19634 - Akorug\" \/>\n<meta property=\"og:description\" content=\"[:de]   Breite: 303 cm   L\u00e4nge: 368 cm   Zusatz: S\u00fcdpersien, Nomadenteppich, naturgef\u00e4rbt   Kette: Wolle   Schuss: Wolle   Flor: 100% reine Schurwolle   Knotenart: Persischer Senneh-Knoten, handgekn\u00fcpft   Knotenzahl: ca. 160 000 p\/m\u00b2    Biege 1[:en]   Width: 303 cm   Length: 368 cm   Specifictions: South Persia, Nomadic Rugs, natural dyes   Warp: Wool   Weft: Wool   Pile: 100% Virgin Wool   Type of Knots: Persian Senneh-Knots, hand-knotted   Number of Knots: ca. 160 000 Knots p\/m\u00b2   [:]\" \/>\n<meta property=\"og:url\" content=\"https:\/\/akorug.ch\/shop\/luribaft-19634\/\" \/>\n<meta property=\"og:site_name\" content=\"Akorug\" \/>\n<meta property=\"article:modified_time\" content=\"2026-03-14T08:44:21+00:00\" \/>\n<meta property=\"og:image\" content=\"https:\/\/akorug.ch\/assets\/19634-s.jpg\" \/>\n\t<meta property=\"og:image:width\" content=\"1050\" \/>\n\t<meta property=\"og:image:height\" content=\"800\" \/>\n\t<meta property=\"og:image:type\" content=\"image\/jpeg\" \/>\n<meta name=\"twitter:card\" content=\"summary_large_image\" \/>\n<script type=\"application\/ld+json\" class=\"yoast-schema-graph\">{\"@context\":\"https:\/\/schema.org\",\"@graph\":[{\"@type\":\"WebPage\",\"@id\":\"https:\/\/akorug.ch\/shop\/luribaft-19634\/\",\"url\":\"https:\/\/akorug.ch\/shop\/luribaft-19634\/\",\"name\":\"Luri-Tabiebaft . 19634 - Akorug\",\"isPartOf\":{\"@id\":\"https:\/\/akorug.ch\/#website\"},\"datePublished\":\"2019-02-20T08:49:15+00:00\",\"dateModified\":\"2026-03-14T08:44:21+00:00\",\"breadcrumb\":{\"@id\":\"https:\/\/akorug.ch\/shop\/luribaft-19634\/#breadcrumb\"},\"inLanguage\":\"en-US\",\"potentialAction\":[{\"@type\":\"ReadAction\",\"target\":[\"https:\/\/akorug.ch\/shop\/luribaft-19634\/\"]}]},{\"@type\":\"BreadcrumbList\",\"@id\":\"https:\/\/akorug.ch\/shop\/luribaft-19634\/#breadcrumb\",\"itemListElement\":[{\"@type\":\"ListItem\",\"position\":1,\"name\":\"Startseite\",\"item\":\"https:\/\/akorug.ch\/\"},{\"@type\":\"ListItem\",\"position\":2,\"name\":\"Shop\",\"item\":\"https:\/\/akorug.ch\/shop\/\"},{\"@type\":\"ListItem\",\"position\":3,\"name\":\"Luri-Tabiebaft . 19634\"}]},{\"@type\":\"WebSite\",\"@id\":\"https:\/\/akorug.ch\/#website\",\"url\":\"https:\/\/akorug.ch\/\",\"name\":\"Akorug\",\"description\":\"Akorug AG - Hier finden Sie ihr Teppich!\",\"publisher\":{\"@id\":\"https:\/\/akorug.ch\/#organization\"},\"potentialAction\":[{\"@type\":\"SearchAction\",\"target\":{\"@type\":\"EntryPoint\",\"urlTemplate\":\"https:\/\/akorug.ch\/?s={search_term_string}\"},\"query-input\":\"required name=search_term_string\"}],\"inLanguage\":\"en-US\"},{\"@type\":\"Organization\",\"@id\":\"https:\/\/akorug.ch\/#organization\",\"name\":\"Akorug\",\"url\":\"https:\/\/akorug.ch\/\",\"logo\":{\"@type\":\"ImageObject\",\"inLanguage\":\"en-US\",\"@id\":\"https:\/\/akorug.ch\/#\/schema\/logo\/image\/\",\"url\":\"https:\/\/akorug.ch\/assets\/akorug.png\",\"contentUrl\":\"https:\/\/akorug.ch\/assets\/akorug.png\",\"width\":130,\"height\":100,\"caption\":\"Akorug\"},\"image\":{\"@id\":\"https:\/\/akorug.ch\/#\/schema\/logo\/image\/\"}}]}<\/script>\n<!-- \/ Yoast SEO plugin. -->","yoast_head_json":{"title":"Luri-Tabiebaft . 19634 - Akorug","robots":{"index":"index","follow":"follow","max-snippet":"max-snippet:-1","max-image-preview":"max-image-preview:large","max-video-preview":"max-video-preview:-1"},"canonical":"https:\/\/akorug.ch\/shop\/luribaft-19634\/","og_locale":"en_US","og_type":"article","og_title":"Luri-Tabiebaft . 19634 - Akorug","og_description":"[:de]   Breite: 303 cm   L\u00e4nge: 368 cm   Zusatz: S\u00fcdpersien, Nomadenteppich, naturgef\u00e4rbt   Kette: Wolle   Schuss: Wolle   Flor: 100% reine Schurwolle   Knotenart: Persischer Senneh-Knoten, handgekn\u00fcpft   Knotenzahl: ca. 160 000 p\/m\u00b2    Biege 1[:en]   Width: 303 cm   Length: 368 cm   Specifictions: South Persia, Nomadic Rugs, natural dyes   Warp: Wool   Weft: Wool   Pile: 100% Virgin Wool   Type of Knots: Persian Senneh-Knots, hand-knotted   Number of Knots: ca. 160 000 Knots p\/m\u00b2   [:]","og_url":"https:\/\/akorug.ch\/shop\/luribaft-19634\/","og_site_name":"Akorug","article_modified_time":"2026-03-14T08:44:21+00:00","og_image":[{"width":1050,"height":800,"url":"https:\/\/akorug.ch\/assets\/19634-s.jpg","type":"image\/jpeg"}],"twitter_card":"summary_large_image","schema":{"@context":"https:\/\/schema.org","@graph":[{"@type":"WebPage","@id":"https:\/\/akorug.ch\/shop\/luribaft-19634\/","url":"https:\/\/akorug.ch\/shop\/luribaft-19634\/","name":"Luri-Tabiebaft . 19634 - Akorug","isPartOf":{"@id":"https:\/\/akorug.ch\/#website"},"datePublished":"2019-02-20T08:49:15+00:00","dateModified":"2026-03-14T08:44:21+00:00","breadcrumb":{"@id":"https:\/\/akorug.ch\/shop\/luribaft-19634\/#breadcrumb"},"inLanguage":"en-US","potentialAction":[{"@type":"ReadAction","target":["https:\/\/akorug.ch\/shop\/luribaft-19634\/"]}]},{"@type":"BreadcrumbList","@id":"https:\/\/akorug.ch\/shop\/luribaft-19634\/#breadcrumb","itemListElement":[{"@type":"ListItem","position":1,"name":"Startseite","item":"https:\/\/akorug.ch\/"},{"@type":"ListItem","position":2,"name":"Shop","item":"https:\/\/akorug.ch\/shop\/"},{"@type":"ListItem","position":3,"name":"Luri-Tabiebaft . 19634"}]},{"@type":"WebSite","@id":"https:\/\/akorug.ch\/#website","url":"https:\/\/akorug.ch\/","name":"Akorug","description":"Akorug AG - Hier finden Sie ihr Teppich!","publisher":{"@id":"https:\/\/akorug.ch\/#organization"},"potentialAction":[{"@type":"SearchAction","target":{"@type":"EntryPoint","urlTemplate":"https:\/\/akorug.ch\/?s={search_term_string}"},"query-input":"required name=search_term_string"}],"inLanguage":"en-US"},{"@type":"Organization","@id":"https:\/\/akorug.ch\/#organization","name":"Akorug","url":"https:\/\/akorug.ch\/","logo":{"@type":"ImageObject","inLanguage":"en-US","@id":"https:\/\/akorug.ch\/#\/schema\/logo\/image\/","url":"https:\/\/akorug.ch\/assets\/akorug.png","contentUrl":"https:\/\/akorug.ch\/assets\/akorug.png","width":130,"height":100,"caption":"Akorug"},"image":{"@id":"https:\/\/akorug.ch\/#\/schema\/logo\/image\/"}}]}},"_links":{"self":[{"href":"https:\/\/akorug.ch\/en\/wp-json\/wp\/v2\/product\/17399","targetHints":{"allow":["GET"]}}],"collection":[{"href":"https:\/\/akorug.ch\/en\/wp-json\/wp\/v2\/product"}],"about":[{"href":"https:\/\/akorug.ch\/en\/wp-json\/wp\/v2\/types\/product"}],"replies":[{"embeddable":true,"href":"https:\/\/akorug.ch\/en\/wp-json\/wp\/v2\/comments?post=17399"}],"wp:featuredmedia":[{"embeddable":true,"href":"https:\/\/akorug.ch\/en\/wp-json\/wp\/v2\/media\/24417"}],"wp:attachment":[{"href":"https:\/\/akorug.ch\/en\/wp-json\/wp\/v2\/media?parent=17399"}],"wp:term":[{"taxonomy":"product_cat","embeddable":true,"href":"https:\/\/akorug.ch\/en\/wp-json\/wp\/v2\/product_cat?post=17399"},{"taxonomy":"product_tag","embeddable":true,"href":"https:\/\/akorug.ch\/en\/wp-json\/wp\/v2\/product_tag?post=17399"}],"curies":[{"name":"wp","href":"https:\/\/api.w.org\/{rel}","templated":true}]}}