{"id":17049,"date":"2019-01-26T09:09:10","date_gmt":"2019-01-26T09:09:10","guid":{"rendered":"https:\/\/akorug.ch\/beta\/?post_type=product&#038;p=17049"},"modified":"2022-09-26T08:01:53","modified_gmt":"2022-09-26T08:01:53","slug":"unterlage-nr-27-100-x-300-cm","status":"publish","type":"product","link":"https:\/\/akorug.ch\/en\/shop\/unterlage-nr-27-100-x-300-cm\/","title":{"rendered":"Padding Nr.27 &#8211; 100 x 300 cm"},"content":{"rendered":"","protected":false},"excerpt":{"rendered":"<hr \/>\n<p>&nbsp;<\/p>\n<p><span style=\"font-family: georgia, palatino, serif;\">The non-slip rug Padding, called Rug-Fix, is produced by Landolt, a Swiss manufacturer of nonwovens.<\/span><br \/>\n<span style=\"font-family: georgia, palatino, serif;\"> The underlay can be used universally on all smooth and textile floors and prevents primarily the carpets from slipping, but also increases walking comfort and protects the rug. The underlay also has the advantage that it does not stick to the floor and can also be washed at 40\u00b0 C. The Rug Padding has been designed in such a way that it is also suitable for modern apartments with underfloor heating. It is resistant to microorganisms and bacteria, free of harmful substances and thermally disposable.<\/span><\/p>\n<p>&nbsp;<\/p>\n","protected":false},"featured_media":16881,"comment_status":"open","ping_status":"closed","template":"","meta":{"_mi_skip_tracking":false,"_exactmetrics_sitenote_active":false,"_exactmetrics_sitenote_note":"","_exactmetrics_sitenote_category":0},"product_cat":[213],"product_tag":[],"class_list":["post-17049","product","type-product","status-publish","has-post-thumbnail","hentry","product_cat-online-shop"],"yoast_head":"<!-- This site is optimized with the Yoast SEO plugin v21.4 - https:\/\/yoast.com\/wordpress\/plugins\/seo\/ -->\n<title>Padding Nr.27 - 100 x 300 cm - Akorug<\/title>\n<meta name=\"robots\" content=\"index, follow, max-snippet:-1, max-image-preview:large, max-video-preview:-1\" \/>\n<link rel=\"canonical\" href=\"https:\/\/akorug.ch\/shop\/unterlage-nr-27-100-x-300-cm\/\" \/>\n<meta property=\"og:locale\" content=\"en_US\" \/>\n<meta property=\"og:type\" content=\"article\" \/>\n<meta property=\"og:title\" content=\"[:de]Unterlage Nr.27 - 100 x 300 cm[:en]Padding Nr.27 - 100 x 300 cm[:] - Akorug\" \/>\n<meta property=\"og:description\" content=\"[:de]  &nbsp;  Die Teppichunterlage, Teppich-Fix genannt, wird von Landolt, einem schweizerischen Hersteller von Vliesstoffen, produziert. Die Unterlage ist universell auf allen glatten und textilen B\u00f6den einsetzbar und verhindert prim\u00e4r das Verrutschen der Teppiche, erh\u00f6ht jedoch auch den Gehkomfort und schont die Teppiche. Die Unterlage bietet auch den Vorteil, dass sie nicht am Boden klebt und zudem bei 40\u00b0 C waschbar ist. Die Unterlage wurde so konzipiert, dass sie auch f\u00fcr moderne Wohnungen mit Fussbodenheizungen geeignet ist. Sie ist resistent gegen Mikroorganismen und Bakterien, frei von sch\u00e4dlichen Stoffen und thermisch entsorgbar.  &nbsp;[:en]  &nbsp;  The non-slip rug Padding, called Rug-Fix, is produced by Landolt, a Swiss manufacturer of nonwovens.  The underlay can be used universally on all smooth and textile floors and prevents primarily the carpets from slipping, but also increases walking comfort and protects the rug. The underlay also has the advantage that it does not stick to the floor and can also be washed at 40\u00b0 C. The Rug Padding has been designed in such a way that it is also suitable for modern apartments with underfloor heating. It is resistant to microorganisms and bacteria, free of harmful substances and thermally disposable.  &nbsp;[:]\" \/>\n<meta property=\"og:url\" content=\"https:\/\/akorug.ch\/shop\/unterlage-nr-27-100-x-300-cm\/\" \/>\n<meta property=\"og:site_name\" content=\"Akorug\" \/>\n<meta property=\"article:modified_time\" content=\"2022-09-26T08:01:53+00:00\" \/>\n<meta property=\"og:image\" content=\"https:\/\/akorug.ch\/assets\/Tep-Fix-Unterlage-2.jpg\" \/>\n\t<meta property=\"og:image:width\" content=\"1050\" \/>\n\t<meta property=\"og:image:height\" content=\"800\" \/>\n\t<meta property=\"og:image:type\" content=\"image\/jpeg\" \/>\n<meta name=\"twitter:card\" content=\"summary_large_image\" \/>\n<script type=\"application\/ld+json\" class=\"yoast-schema-graph\">{\"@context\":\"https:\/\/schema.org\",\"@graph\":[{\"@type\":\"WebPage\",\"@id\":\"https:\/\/akorug.ch\/shop\/unterlage-nr-27-100-x-300-cm\/\",\"url\":\"https:\/\/akorug.ch\/shop\/unterlage-nr-27-100-x-300-cm\/\",\"name\":\"[:de]Unterlage Nr.27 - 100 x 300 cm[:en]Padding Nr.27 - 100 x 300 cm[:] - Akorug\",\"isPartOf\":{\"@id\":\"https:\/\/akorug.ch\/#website\"},\"datePublished\":\"2019-01-26T09:09:10+00:00\",\"dateModified\":\"2022-09-26T08:01:53+00:00\",\"breadcrumb\":{\"@id\":\"https:\/\/akorug.ch\/shop\/unterlage-nr-27-100-x-300-cm\/#breadcrumb\"},\"inLanguage\":\"en-US\",\"potentialAction\":[{\"@type\":\"ReadAction\",\"target\":[\"https:\/\/akorug.ch\/shop\/unterlage-nr-27-100-x-300-cm\/\"]}]},{\"@type\":\"BreadcrumbList\",\"@id\":\"https:\/\/akorug.ch\/shop\/unterlage-nr-27-100-x-300-cm\/#breadcrumb\",\"itemListElement\":[{\"@type\":\"ListItem\",\"position\":1,\"name\":\"Startseite\",\"item\":\"https:\/\/akorug.ch\/\"},{\"@type\":\"ListItem\",\"position\":2,\"name\":\"Shop\",\"item\":\"https:\/\/akorug.ch\/shop\/\"},{\"@type\":\"ListItem\",\"position\":3,\"name\":\"Unterlage Nr.27 &#8211; 100 x 300 cm\"}]},{\"@type\":\"WebSite\",\"@id\":\"https:\/\/akorug.ch\/#website\",\"url\":\"https:\/\/akorug.ch\/\",\"name\":\"Akorug\",\"description\":\"Akorug AG - Hier finden Sie ihr Teppich!\",\"publisher\":{\"@id\":\"https:\/\/akorug.ch\/#organization\"},\"potentialAction\":[{\"@type\":\"SearchAction\",\"target\":{\"@type\":\"EntryPoint\",\"urlTemplate\":\"https:\/\/akorug.ch\/?s={search_term_string}\"},\"query-input\":\"required name=search_term_string\"}],\"inLanguage\":\"en-US\"},{\"@type\":\"Organization\",\"@id\":\"https:\/\/akorug.ch\/#organization\",\"name\":\"Akorug\",\"url\":\"https:\/\/akorug.ch\/\",\"logo\":{\"@type\":\"ImageObject\",\"inLanguage\":\"en-US\",\"@id\":\"https:\/\/akorug.ch\/#\/schema\/logo\/image\/\",\"url\":\"https:\/\/akorug.ch\/assets\/akorug.png\",\"contentUrl\":\"https:\/\/akorug.ch\/assets\/akorug.png\",\"width\":130,\"height\":100,\"caption\":\"Akorug\"},\"image\":{\"@id\":\"https:\/\/akorug.ch\/#\/schema\/logo\/image\/\"}}]}<\/script>\n<!-- \/ Yoast SEO plugin. -->","yoast_head_json":{"title":"[:de]Unterlage Nr.27 - 100 x 300 cm[:en]Padding Nr.27 - 100 x 300 cm[:] - Akorug","robots":{"index":"index","follow":"follow","max-snippet":"max-snippet:-1","max-image-preview":"max-image-preview:large","max-video-preview":"max-video-preview:-1"},"canonical":"https:\/\/akorug.ch\/shop\/unterlage-nr-27-100-x-300-cm\/","og_locale":"en_US","og_type":"article","og_title":"[:de]Unterlage Nr.27 - 100 x 300 cm[:en]Padding Nr.27 - 100 x 300 cm[:] - Akorug","og_description":"[:de]  &nbsp;  Die Teppichunterlage, Teppich-Fix genannt, wird von Landolt, einem schweizerischen Hersteller von Vliesstoffen, produziert. Die Unterlage ist universell auf allen glatten und textilen B\u00f6den einsetzbar und verhindert prim\u00e4r das Verrutschen der Teppiche, erh\u00f6ht jedoch auch den Gehkomfort und schont die Teppiche. Die Unterlage bietet auch den Vorteil, dass sie nicht am Boden klebt und zudem bei 40\u00b0 C waschbar ist. Die Unterlage wurde so konzipiert, dass sie auch f\u00fcr moderne Wohnungen mit Fussbodenheizungen geeignet ist. Sie ist resistent gegen Mikroorganismen und Bakterien, frei von sch\u00e4dlichen Stoffen und thermisch entsorgbar.  &nbsp;[:en]  &nbsp;  The non-slip rug Padding, called Rug-Fix, is produced by Landolt, a Swiss manufacturer of nonwovens.  The underlay can be used universally on all smooth and textile floors and prevents primarily the carpets from slipping, but also increases walking comfort and protects the rug. The underlay also has the advantage that it does not stick to the floor and can also be washed at 40\u00b0 C. The Rug Padding has been designed in such a way that it is also suitable for modern apartments with underfloor heating. It is resistant to microorganisms and bacteria, free of harmful substances and thermally disposable.  &nbsp;[:]","og_url":"https:\/\/akorug.ch\/shop\/unterlage-nr-27-100-x-300-cm\/","og_site_name":"Akorug","article_modified_time":"2022-09-26T08:01:53+00:00","og_image":[{"width":1050,"height":800,"url":"https:\/\/akorug.ch\/assets\/Tep-Fix-Unterlage-2.jpg","type":"image\/jpeg"}],"twitter_card":"summary_large_image","schema":{"@context":"https:\/\/schema.org","@graph":[{"@type":"WebPage","@id":"https:\/\/akorug.ch\/shop\/unterlage-nr-27-100-x-300-cm\/","url":"https:\/\/akorug.ch\/shop\/unterlage-nr-27-100-x-300-cm\/","name":"[:de]Unterlage Nr.27 - 100 x 300 cm[:en]Padding Nr.27 - 100 x 300 cm[:] - Akorug","isPartOf":{"@id":"https:\/\/akorug.ch\/#website"},"datePublished":"2019-01-26T09:09:10+00:00","dateModified":"2022-09-26T08:01:53+00:00","breadcrumb":{"@id":"https:\/\/akorug.ch\/shop\/unterlage-nr-27-100-x-300-cm\/#breadcrumb"},"inLanguage":"en-US","potentialAction":[{"@type":"ReadAction","target":["https:\/\/akorug.ch\/shop\/unterlage-nr-27-100-x-300-cm\/"]}]},{"@type":"BreadcrumbList","@id":"https:\/\/akorug.ch\/shop\/unterlage-nr-27-100-x-300-cm\/#breadcrumb","itemListElement":[{"@type":"ListItem","position":1,"name":"Startseite","item":"https:\/\/akorug.ch\/"},{"@type":"ListItem","position":2,"name":"Shop","item":"https:\/\/akorug.ch\/shop\/"},{"@type":"ListItem","position":3,"name":"Unterlage Nr.27 &#8211; 100 x 300 cm"}]},{"@type":"WebSite","@id":"https:\/\/akorug.ch\/#website","url":"https:\/\/akorug.ch\/","name":"Akorug","description":"Akorug AG - Hier finden Sie ihr Teppich!","publisher":{"@id":"https:\/\/akorug.ch\/#organization"},"potentialAction":[{"@type":"SearchAction","target":{"@type":"EntryPoint","urlTemplate":"https:\/\/akorug.ch\/?s={search_term_string}"},"query-input":"required name=search_term_string"}],"inLanguage":"en-US"},{"@type":"Organization","@id":"https:\/\/akorug.ch\/#organization","name":"Akorug","url":"https:\/\/akorug.ch\/","logo":{"@type":"ImageObject","inLanguage":"en-US","@id":"https:\/\/akorug.ch\/#\/schema\/logo\/image\/","url":"https:\/\/akorug.ch\/assets\/akorug.png","contentUrl":"https:\/\/akorug.ch\/assets\/akorug.png","width":130,"height":100,"caption":"Akorug"},"image":{"@id":"https:\/\/akorug.ch\/#\/schema\/logo\/image\/"}}]}},"_links":{"self":[{"href":"https:\/\/akorug.ch\/en\/wp-json\/wp\/v2\/product\/17049","targetHints":{"allow":["GET"]}}],"collection":[{"href":"https:\/\/akorug.ch\/en\/wp-json\/wp\/v2\/product"}],"about":[{"href":"https:\/\/akorug.ch\/en\/wp-json\/wp\/v2\/types\/product"}],"replies":[{"embeddable":true,"href":"https:\/\/akorug.ch\/en\/wp-json\/wp\/v2\/comments?post=17049"}],"wp:featuredmedia":[{"embeddable":true,"href":"https:\/\/akorug.ch\/en\/wp-json\/wp\/v2\/media\/16881"}],"wp:attachment":[{"href":"https:\/\/akorug.ch\/en\/wp-json\/wp\/v2\/media?parent=17049"}],"wp:term":[{"taxonomy":"product_cat","embeddable":true,"href":"https:\/\/akorug.ch\/en\/wp-json\/wp\/v2\/product_cat?post=17049"},{"taxonomy":"product_tag","embeddable":true,"href":"https:\/\/akorug.ch\/en\/wp-json\/wp\/v2\/product_tag?post=17049"}],"curies":[{"name":"wp","href":"https:\/\/api.w.org\/{rel}","templated":true}]}}