{"id":3644,"date":"2015-05-21T14:41:51","date_gmt":"2015-05-21T14:41:51","guid":{"rendered":"http:\/\/akorug.ch\/?page_id=3644"},"modified":"2015-06-19T13:00:38","modified_gmt":"2015-06-19T13:00:38","slug":"agb","status":"publish","type":"page","link":"https:\/\/akorug.ch\/en\/agb\/","title":{"rendered":"AGB"},"content":{"rendered":"<section class=\"wpb-content-wrapper\"><p>[vc_row][vc_column width=&#8221;1\/1&#8243;][vc_column_text]<\/p>\n<h1><strong>A<\/strong><strong>llgemeine Gesch\u00e4ftsbedingung<\/strong><strong>en<\/strong><\/h1>\n<h4><strong>I.\u00a0\u00a0\u00a0\u00a0\u00a0 Vertrag und Vertragspartner<\/strong><\/h4>\n<p>F\u00fcr die Gesch\u00e4ftsbeziehung zwischen Akorug AG, Baarerstrasse 59, 6300 Zug, Schweiz, (hiernach \u201e<strong>Akorug<\/strong>\u201c) und dem Kunden (hiernach der \u201e<strong>Kunde<\/strong>\u201c) f\u00fcr Gesch\u00e4fte \u00fcber den Onlineshop (hiernach der \u201e<strong>Onlineshop<\/strong>\u201c), welcher \u00fcber den Link <a href=\"http:\/\/www.akorug.ch\">www.akorug.ch<\/a> zug\u00e4nglich ist, gelten die nachfolgenden Allgemeinen Gesch\u00e4ftsbedingungen in ihrer zum Zeitpunkt der jeweiligen Bestellung g\u00fcltigen Fassung (hiernach die \u201e<strong>AGB<\/strong>\u201c). Bevor der Kunde eine Bestellung abschicken kann, wird er auf die AGB aufmerksam gemacht und kann diese \u00fcber einen Link abrufen, auf seinem Computer abspeichern und\/oder ausdrucken. Um eine Bestellung abgeben zu k\u00f6nnen, muss der Kunde zun\u00e4chst den Button [\u201e<em>Ich akzeptiere die AGB<\/em>\u201c] klicken, womit er zustimmt, dass diese AGB zum Vertragsbestandteil werden.<\/p>\n<p>Das Warenangebot im Onlineshop richtet sich ausschliesslich an vollj\u00e4hrige Personen, die eine Lieferadresse in der Schweiz angeben k\u00f6nnen.<\/p>\n<h4>II.\u00a0\u00a0\u00a0\u00a0\u00a0 Ablauf der Bestellung<\/h4>\n<p>Die im Onlineshop pr\u00e4sentierten Waren (inkl. Angabe der Preise) stellen lediglich Einladungen an den Kunden dar, Angebote zum Abschluss eines Kaufvertrags \u00fcber die pr\u00e4sentierten Waren abzugeben.<\/p>\n<p>Der Kunde kann aus dem Sortiment von Akorug Waren ausw\u00e4hlen und diese durch Klicken des Buttons [\u201e<em>in den Warenkorb<\/em>\u201c] in einem virtuellen Warenkorb sammeln.<\/p>\n<p>Vor Abschicken der Bestellung kann der Kunde jederzeit \u00fcber den Button [\u201e<em>Warenkorb<\/em>\u201c] die Bestelldaten einsehen und \u00e4ndern.<\/p>\n<p>Bevor eine Bestellung abgeschickt werden kann, erh\u00e4lt der Kunde eine \u00dcbersicht \u00fcber die sich im Warenkorb befindlichen Waren (hiernach die \u201e<strong>Bestell\u00fcbersicht<\/strong>\u201c), \u00fcber welche der Kunde allf\u00e4llige \u00c4nderungen vornehmen oder Bestellfehler korrigieren kann.<\/p>\n<p>Klickt der Kunde auf den Button [\u201e<i>Bestellung abschicken<\/i>\u201c], gibt er ein verbindliches Angebot zum Kauf der sich im Warenkorb befindlichen Waren ab (hiernach die \u201e<strong>Bestellung<\/strong>\u201c).<\/p>\n<p>Der Kunde erh\u00e4lt nach Abgabe der Bestellung per E-Mail eine automatische Eingangsbest\u00e4tigung, die den Eingang der Bestellung bei Akorug best\u00e4tigt. Diese automatische Eingangsbest\u00e4tigung stellt noch keine Annahme des Angebots dar.<\/p>\n<p>Der Vertrag kommt erst durch Abgabe der Annahmeerkl\u00e4rung durch Akorug zustande. Akorug ist berechtigt, aber nicht verpflichtet, die Bestellung des Kunden innerhalb von 7 Tagen nach dem Zugang bei Akorug anzunehmen. Akorug erkl\u00e4rt Annahme durch eine per E-Mail verschickte Best\u00e4tigung (hiernach die \u201e<strong>Annahmeerkl\u00e4rung<\/strong>\u201c).<\/p>\n<p>Sofern die Bestellung mehrere Artikel umfasst, kommt der Vertrag nur \u00fcber diejenigen Artikel zustande, die in der Annahmeerkl\u00e4rung ausdr\u00fccklich aufgef\u00fchrt sind.<\/p>\n<p>Vorstehendes gilt auch, wenn der Kunde aufgrund der gew\u00e4hlten Zahlungsart den Kaufpreis bereits vor Vertragsschluss bezahlt oder zur Zahlung angewiesen hat. Sollte der Vertrag in diesem Fall aus irgendeinem Grund doch nicht oder nur \u00fcber einen Teil der Bestellung zustande kommen, wird Akorug dies dem Kunden mitteilen und die Vorauszahlung unverz\u00fcglich, innert max. 7 Tagen (bei teilweiser Vertragsannahme nur bez\u00fcglich der nicht lieferbaren Waren), zur\u00fcckerstatten.<\/p>\n<p>Das Widerrufsrecht des Kunden (vgl. Ziff. VII hiernach) bleibt von den vorstehenden Regelungen unber\u00fchrt.<\/p>\n<p>Der Vertrag (bestehend aus AGB, Bestellung und Annahmeerkl\u00e4rung) wird von Akorug unter Wahrung des Datenschutzes gespeichert.<\/p>\n<h4>III.\u00a0\u00a0\u00a0\u00a0\u00a0 Lieferung, Lieferfrist, Warenverf\u00fcgbarkeit<\/h4>\n<p>Eine Lieferung erfolgt nur innerhalb der Schweiz, an die vom Kunden angegebene Lieferadresse. Die Lieferfrist betr\u00e4gt bei einem Standardversand ca. 5 Werktage ab Annahmeerkl\u00e4rung. Sollte f\u00fcr die betreffende Ware eine l\u00e4ngere Lieferfrist gelten, teilt Akorug dies dem Kunden w\u00e4hrend des Bestellprozesses oder in der Annahmeerkl\u00e4rung mit.<\/p>\n<p>Kann Akorug eine verbindliche Lieferfrist aus Gr\u00fcnden, die sie nicht selbst zu vertreten hat, nicht einhalten (Nichtverf\u00fcgbarkeit der Ware, z.B. aufgrund h\u00f6herer Gewalt, Krieg, internationaler Spannungen, Aufruhr, Betriebsst\u00f6rungen, Epidemien, Streiks), teilt Akorug dies dem Kunden unverz\u00fcglich mit, gegebenenfalls unter Benennung der neuen voraussichtlichen Lieferfrist. Ist die neue Lieferfrist f\u00fcr den Kunden nicht akzeptabel oder die Ware auch innerhalb der neuen Lieferfrist teilweise oder \u00fcberhaupt nicht mehr verf\u00fcgbar, sind beide Vertragsparteien berechtigt, hinsichtlich der betreffenden Ware ganz oder teilweise vom Vertrag zur\u00fcckzutreten. Eine allf\u00e4llig durch den Kunden hinsichtlich der nicht verf\u00fcgbaren Ware bereits erbrachte Gegenleistung wird Akorug dem Kunden in diesem Fall unverz\u00fcglich, innert max. 7 Tagen, erstatten. Die Haftung f\u00fcr Nutzungsausfall und jeden weiteren, bei Verletzung der Lieferfrist entstandenen Schaden wird ausdr\u00fccklich wegbedungen.<\/p>\n<p>Ist ein Kunde mit Pflichten aus fr\u00fcheren Vertr\u00e4gen mit Akorug in Verzug, so hat Akorug das Recht, die Lieferung der Ware bis zur Erf\u00fcllung der Pflichten aus den fr\u00fcheren Vertr\u00e4gen aufzuschieben. Die Lieferfrist l\u00e4uft diesfalls ab vollst\u00e4ndiger Erf\u00fcllung der Pflichten aus den fr\u00fcheren Vertr\u00e4gen und deren Mitteilung an Akorug. Akorug ist berechtigt, dem Kunden eine angemessene Frist zur Erf\u00fcllung der Pflichten aus den fr\u00fcheren Vertr\u00e4gen zu setzen. Erf\u00fcllt der Kunde nicht innert dieser Frist, hat Akorug das Recht, vom neuen Vertrag zur\u00fcckzutreten.<\/p>\n<h4>IV.\u00a0\u00a0\u00a0\u00a0\u00a0 Preise und Versandkosten<\/h4>\n<p>Alle im Onlineshop angegebenen Preise verstehen sich in Schweizer Franken und einschliesslich der jeweils g\u00fcltigen gesetzlichen Mehrwertsteuer. Die Preise sind auch in Schweizer Franken zu erf\u00fcllen. Akorug teilt dem Kunden die gegebenenfalls anfallenden Versandkosten in der Bestell\u00fcbersicht unmittelbar vor Abgabe der Bestellung mit. Mit der Bestellung verpflichtet sich der Kunde auch, die ihm mitgeteilten Versandkosten zu tragen.<\/p>\n<h4>V.\u00a0\u00a0\u00a0\u00a0\u00a0 Zahlungsfrist und Zahlungsmittel<\/h4>\n<p>Akorug akzeptiert nur die im Rahmen des Bestellvorgangs dem Kunden jeweils angezeigten Zahlungsarten.<\/p>\n<p>Akorug beh\u00e4lt sich im Einzelfall vor, bestimmte Zahlungsarten, insbesondere den Kauf auf Rechnung, auszuschliessen.<\/p>\n<p>Rechnungen sind zahlbar innert 10 Tagen netto, ohne Skonto, ab Rechnungsdatum. Der Verzug tritt mithin ohne separate Inverzugsetzung ein. Bei Zahlungsverzug stehen Akorug s\u00e4mtliche gesetzlichen Rechte zur Verf\u00fcgung. Akorug hat Anspruch auf einen Verzugszins von 5 % sowie eine Bearbeitungsgeb\u00fchr von CHF 20 f\u00fcr Mahnungen. Ausserdem ist Akorug berechtigt nach Ablauf einer angesetzten Nachfrist den R\u00fccktritt vom Vertrag zu erkl\u00e4ren und allenfalls schon gelieferte Waren zur\u00fcckzufordern.<\/p>\n<h4>VI.\u00a0\u00a0\u00a0\u00a0\u00a0 Eigentumsvorbehalt<\/h4>\n<p>Bis zur vollst\u00e4ndigen Bezahlung des Kaufpreises bleibt das Eigentum an den gelieferten Waren bei Akorug. Der Kunde erm\u00e4chtigt Akorug, einen entsprechenden Eintrag ins Eigentumsregister vorzunehmen.<\/p>\n<p>Der Kunde ist verpflichtet, bei einer Pf\u00e4ndung der Ware oder sonstigen Eingriffen eines Dritten Akorug unverz\u00fcglich schriftlich zu informieren sowie den Dritten auf den Eigentumsvorbehalt von Akorug an den Waren hinzuweisen.<\/p>\n<h4>VII.\u00a0\u00a0\u00a0\u00a0\u00a0 Widerrufsrecht<\/h4>\n<p><strong>A.\u00a0\u00a0 Widerrufsrecht<\/strong><\/p>\n<p>Akorug gew\u00e4hrt dem Kunden ein Widerrufsrecht nach Massgabe nachfolgender Regelung:<\/p>\n<p>Der Kunde hat das Recht, diesen Vertrag binnen 14 Tagen ab dem Tag, an dem der Kunde oder ein von ihm benannter Stellvertreter die Waren in Besitz genommen hat, ohne Angabe von Gr\u00fcnden zu widerrufen.<\/p>\n<p>Um das Widerrufsrecht auszu\u00fcben, muss der Kunde Akorug (vgl. Kontaktdaten in Ziff. XIV hiernach) mittels einer eindeutigen schriftlichen Erkl\u00e4rung (z.B. ein mit der Post versandter Brief, Telefax oder E-Mail) \u00fcber seinen Entschluss, diesen Vertrag zu widerrufen, informieren (vgl. betreffend der inhaltlichen Anforderungen an eine Widerrufserkl\u00e4rung Ziff. VII.C hiernach).<\/p>\n<p>Der Kunde kann sein Widerrufsrecht auch dadurch aus\u00fcben, dass er Akorug die betreffende Ware zusammen mit einer Widerrufserkl\u00e4rung innerhalb der Widerrufsfrist zur\u00fccksendet.<\/p>\n<p>Zur Wahrung der Widerrufsfrist muss die Widerrufserkl\u00e4rung des Kunden vor Ablauf der Widerrufsfrist bei Akorug zugegangen sein.<\/p>\n<p><strong>B.\u00a0\u00a0 Folgen des Widerrufs<\/strong><\/p>\n<p>Wenn der Kunde diesen Vertrag widerruft, hat Akorug dem Kunden alle Zahlungen, die Akorug vom Kunden f\u00fcr die betreffende Ware erhalten hat (mit Ausnahme der Versandkosten) zur\u00fcckzuzahlen. In keinem Fall werden dem Kunden wegen dieser R\u00fcckzahlung Entgelte berechnet.<\/p>\n<p>Der Kunde hat die Waren unverz\u00fcglich und in jedem Fall sp\u00e4testens innert 14 Tagen ab dem Tag, an dem der Kunde Akorug \u00fcber den Widerruf dieses Vertrages unterrichtet, an Akorug (vgl. die Kontaktdetails in Ziff. XIV hiernach) zur\u00fcckzusenden. Zur Wahrung der Frist m\u00fcssen die Waren vor Ablauf der Frist von 14 Tagen bei Akorug zugegangen sein.<\/p>\n<p>Die R\u00fcckzahlung durch Akorug hat unverz\u00fcglich und binnen max. 7 Tagen ab dem Tag zu erfolgen, an welchem sie die Waren wieder zur\u00fcckerhalten hat.<\/p>\n<p>Die unmittelbaren Kosten der R\u00fccksendung der Waren sind durch den Kunden selbst zu tragen.<\/p>\n<p>Der Kunde muss f\u00fcr einen etwaigen Wertverlust der Waren nur aufkommen, wenn dieser Wertverlust auf einen nicht sachgem\u00e4ssen Umgang mit ihnen zur\u00fcckzuf\u00fchren ist.<\/p>\n<p><strong>C.\u00a0\u00a0 Inhaltliche Anforderungen an die Widerrufserkl\u00e4rung<\/strong><\/p>\n<p>Will der Kunde den Vertrag widerrufen, so hat sein Widerruf folgende Angaben zu enthalten:<\/p>\n<ul>\n<li>Name, Vorname des Kunden<\/li>\n<li>Adresse des Kunden<\/li>\n<li>Eine Widerrufserkl\u00e4rung des Kunden, welche z.B. wie folgt lauten k\u00f6nnte:<\/li>\n<\/ul>\n<p><em>\u201eHiermit widerrufe ich den von mir abgeschlossenen Vertrag mit Akorug AG \u00fcber den Kauf der folgenden Waren:<\/em><\/p>\n<ul>\n<li><em>[Ware bezeichnen] im Wert von CHF [Kaufpreis einf\u00fcgen]\u201c<\/em><\/li>\n<li><em>[].&#8221;<\/em><\/li>\n<\/ul>\n<ul>\n<li>Datum der Bestellung<\/li>\n<li>Unterschrift des Kunden<\/li>\n<li>Datum der Widerrufserkl\u00e4rung<\/li>\n<\/ul>\n<h4>VIII.\u00a0\u00a0\u00a0\u00a0\u00a0 R\u00fccktrittsrecht Akorug<\/h4>\n<p>Akorug ist zum R\u00fccktritt von eingegangenen Lieferverpflichtungen berechtigt, wenn sich die finanzielle Situation des Kunden wesentlich verschlechtert hat oder sich anders pr\u00e4sentiert als ihr dargestellt.<\/p>\n<h4>IX.\u00a0\u00a0\u00a0\u00a0\u00a0 Pr\u00fcfung der Ware, M\u00e4ngelr\u00fcge und Gew\u00e4hrleistung<\/h4>\n<p>Der Kunde hat die Ware bei Lieferung auf M\u00e4ngel zu pr\u00fcfen.<\/p>\n<p>Allf\u00e4llige M\u00e4ngel sind sofort, sp\u00e4testens aber 7 Tage nach Empfang der Ware oder bei versteckten M\u00e4ngeln ab Entdeckung des Mangels zu r\u00fcgen. Im \u00dcbrigen gelten die gesetzlichen Verj\u00e4hrungsfristen. Die M\u00e4ngelanzeige hat durch eingeschriebenen Brief zu erfolgen. Mit der M\u00e4ngelanzeige erh\u00e4lt Akorug das Recht, den mitgeteilten Mangel bzw. Schaden durch eigene Mitarbeiter oder Experten ihrer Wahl \u00fcberpr\u00fcfen zu lassen.<\/p>\n<p>Eigenschaften, insbesondere die Angaben in den Katalogen oder Prospekten von Akorug, gelten nur dann als zugesichert, wenn dies schriftlich vereinbart worden ist.<\/p>\n<p>Akorug leistet keine Gew\u00e4hr f\u00fcr die Eignung der Ware bez\u00fcglich der Einsatzart oder Einsatzbereich.<\/p>\n<p>Handels\u00fcbliche oder technisch nicht vermeidbare, materialbedingte Abweichungen der Qualit\u00e4t, Farbe, Form oder der Struktur der Ware stellen keine M\u00e4ngel dar.<\/p>\n<p>Die Gew\u00e4hrleistungsanspr\u00fcche entstehen nicht bei M\u00e4ngeln, die auf normale Abn\u00fctzung, mangelhafte Pflege, unsachgem\u00e4sse Behandlung, \u00dcberbeanspruchung oder gar eine Ver\u00e4nderung der Ware zur\u00fcckzuf\u00fchren sind.<\/p>\n<p>Liegt ein Fall der Gew\u00e4hrleistung wegen M\u00e4ngel der verkauften Waren vor, so hat Akorug das Recht, die M\u00e4ngel kostenlos zu beseitigen. Ein Recht auf Wandlung (R\u00fccktritt) oder Minderung besteht nur dann, wenn Akorug eine Nachbesserung nicht m\u00f6glich ist oder sie die Nachbesserung verweigert oder diese nicht in angemessener Frist vornimmt.<\/p>\n<h4>X.\u00a0\u00a0\u00a0\u00a0\u00a0 Haftung<\/h4>\n<p>Akorug haftet unbeschr\u00e4nkt f\u00fcr Vorsatz und grobe Fahrl\u00e4ssigkeit. Im \u00dcbrigen ist die (vertragliche und ausservertragliche) Haftung von Akorug ausgeschlossen.<\/p>\n<p>Die vorstehende Haftungsbeschr\u00e4nkung gilt auch zugunsten der gesetzlichen Vertreter und Hilfspersonen von Akorug.<\/p>\n<p>Die vorstehende Haftungsbeschr\u00e4nkung gilt nicht f\u00fcr Anspr\u00fcche des Kunden nach dem Produkthaftpflichtgesetz.<\/p>\n<h4>XI.\u00a0\u00a0\u00a0\u00a0\u00a0 Nutzungsbedingungen und Datenschutzerkl\u00e4rung<\/h4>\n<p>Die unter der Rubrik \u201eNutzungsbedingungen und Datenschutzerkl\u00e4rung\u201c auf der Webseite von Akorug aufgef\u00fchrten Bestimmungen (vgl. <a href=\"http:\/\/akorug.ch\/nutzungsbedingungen-und-datenschutzerklaerungen\/\">hier<\/a>) bilden integrierenden Bestandteil dieser AGB. Indem der Kunde diese AGB akzeptiert, akzeptiert der Kunde mithin gleichzeitig auch die in der Rubrik \u201eNutzungsbedingungen und Datenschutzerkl\u00e4rung\u201c aufgef\u00fchrten Bestimmungen. Bei einer Bestellung werden alle (ausser Kreditkarteninformationen)\u00a0vom Benutzer eingegeben Daten in einer\u00a0Datenbank gespeichert. Diese Daten werden lediglich f\u00fcr den Bestellvorgang verwendet und werden nicht an Dritte weitergegeben. Die personenbezogenen Daten k\u00f6nnen auf Anfrage gel\u00f6scht werden.<\/p>\n<h4>XII.\u00a0\u00a0\u00a0\u00a0\u00a0 \u00c4nderungen und Erg\u00e4nzungen<\/h4>\n<p>\u00c4nderungen und\/oder Erg\u00e4nzungen dieses Vertrags (bestehend aus AGB, Bestellung und Annahmeerkl\u00e4rung) einschliesslich \u00c4nderungen dieser Ziff. XII sind nur g\u00fcltig, wenn sie in schriftlicher Form abgefasst und von den Vertragsparteien unterzeichnet werden<\/p>\n<h4>XIII.\u00a0\u00a0\u00a0\u00a0\u00a0 Gerichtsstand und Rechtswahl<\/h4>\n<p>Ausschliesslicher Gerichtsstand f\u00fcr s\u00e4mtliche Streitigkeiten aus oder in Zusammenhang mit diesem Vertrag ist Zug, Schweiz.<\/p>\n<p>Dieser Vertrag (bestehend aus AGB, Bestellung und Annahmeerkl\u00e4rung) unterliegt dem materiellen Schweizer Recht (unter Ausschluss des Wiener \u00dcbereinkommens der Vereinten Nationen \u00fcber Vertr\u00e4ge \u00fcber den internationalen Warenkauf).<\/p>\n<h4>XIV.\u00a0\u00a0\u00a0\u00a0\u00a0 Kontakt<\/h4>\n<p>Bei Fragen, W\u00fcnschen oder Beschwerden k\u00f6nnen Mitarbeiter von Akorug wie folgt erreicht werden:<\/p>\n<p>Akorug AG<br \/>\nBaarerstr. 59<br \/>\n6300 Zug<br \/>\nTelefon: 041 712 09 44<br \/>\nE-Mail: info@akorug.ch[\/vc_column_text][\/vc_column][\/vc_row]<\/p>\n<\/section>","protected":false},"excerpt":{"rendered":"<p>[vc_row][vc_column width=&#8221;1\/1&#8243;][vc_column_text] Allgemeine Gesch\u00e4ftsbedingungen I.\u00a0\u00a0\u00a0\u00a0\u00a0 Vertrag und Vertragspartner F\u00fcr die Gesch\u00e4ftsbeziehung zwischen Akorug AG, Baarerstrasse 59, 6300 Zug, Schweiz, (hiernach \u201eAkorug\u201c) und dem Kunden (hiernach der \u201eKunde\u201c) f\u00fcr Gesch\u00e4fte \u00fcber den Onlineshop (hiernach der \u201eOnlineshop\u201c), welcher \u00fcber den Link www.akorug.ch zug\u00e4nglich ist, gelten die nachfolgenden Allgemeinen Gesch\u00e4ftsbedingungen in ihrer zum Zeitpunkt der jeweiligen Bestellung g\u00fcltigen Fassung (hiernach die \u201eAGB\u201c). Bevor &hellip; <a href=\"https:\/\/akorug.ch\/en\/agb\/\">&prop; View Full Article <\/a><\/p>\n","protected":false},"author":3,"featured_media":0,"parent":0,"menu_order":0,"comment_status":"closed","ping_status":"closed","template":"","meta":{"_mi_skip_tracking":false,"_exactmetrics_sitenote_active":false,"_exactmetrics_sitenote_note":"","_exactmetrics_sitenote_category":0,"footnotes":""},"class_list":["post-3644","page","type-page","status-publish","hentry"],"yoast_head":"<!-- This site is optimized with the Yoast SEO plugin v21.4 - https:\/\/yoast.com\/wordpress\/plugins\/seo\/ -->\n<title>AGB - Akorug<\/title>\n<meta name=\"robots\" content=\"index, follow, max-snippet:-1, max-image-preview:large, max-video-preview:-1\" \/>\n<link rel=\"canonical\" href=\"https:\/\/akorug.ch\/agb\/\" \/>\n<meta property=\"og:locale\" content=\"en_US\" \/>\n<meta property=\"og:type\" content=\"article\" \/>\n<meta property=\"og:title\" content=\"AGB - Akorug\" \/>\n<meta property=\"og:description\" content=\"[vc_row][vc_column width=&#8221;1\/1&#8243;][vc_column_text] Allgemeine Gesch\u00e4ftsbedingungen I.\u00a0\u00a0\u00a0\u00a0\u00a0 Vertrag und Vertragspartner F\u00fcr die Gesch\u00e4ftsbeziehung zwischen Akorug AG, Baarerstrasse 59, 6300 Zug, Schweiz, (hiernach \u201eAkorug\u201c) und dem Kunden (hiernach der \u201eKunde\u201c) f\u00fcr Gesch\u00e4fte \u00fcber den Onlineshop (hiernach der \u201eOnlineshop\u201c), welcher \u00fcber den Link www.akorug.ch zug\u00e4nglich ist, gelten die nachfolgenden Allgemeinen Gesch\u00e4ftsbedingungen in ihrer zum Zeitpunkt der jeweiligen Bestellung g\u00fcltigen Fassung (hiernach die \u201eAGB\u201c). Bevor &hellip; &prop; View Full Article\" \/>\n<meta property=\"og:url\" content=\"https:\/\/akorug.ch\/agb\/\" \/>\n<meta property=\"og:site_name\" content=\"Akorug\" \/>\n<meta property=\"article:modified_time\" content=\"2015-06-19T13:00:38+00:00\" \/>\n<meta name=\"twitter:card\" content=\"summary_large_image\" \/>\n<meta name=\"twitter:label1\" content=\"Est. reading time\" \/>\n\t<meta name=\"twitter:data1\" content=\"19 minutes\" \/>\n<script type=\"application\/ld+json\" class=\"yoast-schema-graph\">{\"@context\":\"https:\/\/schema.org\",\"@graph\":[{\"@type\":\"WebPage\",\"@id\":\"https:\/\/akorug.ch\/agb\/\",\"url\":\"https:\/\/akorug.ch\/agb\/\",\"name\":\"AGB - Akorug\",\"isPartOf\":{\"@id\":\"https:\/\/akorug.ch\/#website\"},\"datePublished\":\"2015-05-21T14:41:51+00:00\",\"dateModified\":\"2015-06-19T13:00:38+00:00\",\"breadcrumb\":{\"@id\":\"https:\/\/akorug.ch\/agb\/#breadcrumb\"},\"inLanguage\":\"en-US\",\"potentialAction\":[{\"@type\":\"ReadAction\",\"target\":[\"https:\/\/akorug.ch\/agb\/\"]}]},{\"@type\":\"BreadcrumbList\",\"@id\":\"https:\/\/akorug.ch\/agb\/#breadcrumb\",\"itemListElement\":[{\"@type\":\"ListItem\",\"position\":1,\"name\":\"Startseite\",\"item\":\"https:\/\/akorug.ch\/\"},{\"@type\":\"ListItem\",\"position\":2,\"name\":\"AGB\"}]},{\"@type\":\"WebSite\",\"@id\":\"https:\/\/akorug.ch\/#website\",\"url\":\"https:\/\/akorug.ch\/\",\"name\":\"Akorug\",\"description\":\"Akorug AG - Hier finden Sie ihr Teppich!\",\"publisher\":{\"@id\":\"https:\/\/akorug.ch\/#organization\"},\"potentialAction\":[{\"@type\":\"SearchAction\",\"target\":{\"@type\":\"EntryPoint\",\"urlTemplate\":\"https:\/\/akorug.ch\/?s={search_term_string}\"},\"query-input\":\"required name=search_term_string\"}],\"inLanguage\":\"en-US\"},{\"@type\":\"Organization\",\"@id\":\"https:\/\/akorug.ch\/#organization\",\"name\":\"Akorug\",\"url\":\"https:\/\/akorug.ch\/\",\"logo\":{\"@type\":\"ImageObject\",\"inLanguage\":\"en-US\",\"@id\":\"https:\/\/akorug.ch\/#\/schema\/logo\/image\/\",\"url\":\"https:\/\/akorug.ch\/assets\/akorug.png\",\"contentUrl\":\"https:\/\/akorug.ch\/assets\/akorug.png\",\"width\":130,\"height\":100,\"caption\":\"Akorug\"},\"image\":{\"@id\":\"https:\/\/akorug.ch\/#\/schema\/logo\/image\/\"}}]}<\/script>\n<!-- \/ Yoast SEO plugin. -->","yoast_head_json":{"title":"AGB - Akorug","robots":{"index":"index","follow":"follow","max-snippet":"max-snippet:-1","max-image-preview":"max-image-preview:large","max-video-preview":"max-video-preview:-1"},"canonical":"https:\/\/akorug.ch\/agb\/","og_locale":"en_US","og_type":"article","og_title":"AGB - Akorug","og_description":"[vc_row][vc_column width=&#8221;1\/1&#8243;][vc_column_text] Allgemeine Gesch\u00e4ftsbedingungen I.\u00a0\u00a0\u00a0\u00a0\u00a0 Vertrag und Vertragspartner F\u00fcr die Gesch\u00e4ftsbeziehung zwischen Akorug AG, Baarerstrasse 59, 6300 Zug, Schweiz, (hiernach \u201eAkorug\u201c) und dem Kunden (hiernach der \u201eKunde\u201c) f\u00fcr Gesch\u00e4fte \u00fcber den Onlineshop (hiernach der \u201eOnlineshop\u201c), welcher \u00fcber den Link www.akorug.ch zug\u00e4nglich ist, gelten die nachfolgenden Allgemeinen Gesch\u00e4ftsbedingungen in ihrer zum Zeitpunkt der jeweiligen Bestellung g\u00fcltigen Fassung (hiernach die \u201eAGB\u201c). Bevor &hellip; &prop; View Full Article","og_url":"https:\/\/akorug.ch\/agb\/","og_site_name":"Akorug","article_modified_time":"2015-06-19T13:00:38+00:00","twitter_card":"summary_large_image","twitter_misc":{"Est. reading time":"19 minutes"},"schema":{"@context":"https:\/\/schema.org","@graph":[{"@type":"WebPage","@id":"https:\/\/akorug.ch\/agb\/","url":"https:\/\/akorug.ch\/agb\/","name":"AGB - Akorug","isPartOf":{"@id":"https:\/\/akorug.ch\/#website"},"datePublished":"2015-05-21T14:41:51+00:00","dateModified":"2015-06-19T13:00:38+00:00","breadcrumb":{"@id":"https:\/\/akorug.ch\/agb\/#breadcrumb"},"inLanguage":"en-US","potentialAction":[{"@type":"ReadAction","target":["https:\/\/akorug.ch\/agb\/"]}]},{"@type":"BreadcrumbList","@id":"https:\/\/akorug.ch\/agb\/#breadcrumb","itemListElement":[{"@type":"ListItem","position":1,"name":"Startseite","item":"https:\/\/akorug.ch\/"},{"@type":"ListItem","position":2,"name":"AGB"}]},{"@type":"WebSite","@id":"https:\/\/akorug.ch\/#website","url":"https:\/\/akorug.ch\/","name":"Akorug","description":"Akorug AG - Hier finden Sie ihr Teppich!","publisher":{"@id":"https:\/\/akorug.ch\/#organization"},"potentialAction":[{"@type":"SearchAction","target":{"@type":"EntryPoint","urlTemplate":"https:\/\/akorug.ch\/?s={search_term_string}"},"query-input":"required name=search_term_string"}],"inLanguage":"en-US"},{"@type":"Organization","@id":"https:\/\/akorug.ch\/#organization","name":"Akorug","url":"https:\/\/akorug.ch\/","logo":{"@type":"ImageObject","inLanguage":"en-US","@id":"https:\/\/akorug.ch\/#\/schema\/logo\/image\/","url":"https:\/\/akorug.ch\/assets\/akorug.png","contentUrl":"https:\/\/akorug.ch\/assets\/akorug.png","width":130,"height":100,"caption":"Akorug"},"image":{"@id":"https:\/\/akorug.ch\/#\/schema\/logo\/image\/"}}]}},"_links":{"self":[{"href":"https:\/\/akorug.ch\/en\/wp-json\/wp\/v2\/pages\/3644","targetHints":{"allow":["GET"]}}],"collection":[{"href":"https:\/\/akorug.ch\/en\/wp-json\/wp\/v2\/pages"}],"about":[{"href":"https:\/\/akorug.ch\/en\/wp-json\/wp\/v2\/types\/page"}],"author":[{"embeddable":true,"href":"https:\/\/akorug.ch\/en\/wp-json\/wp\/v2\/users\/3"}],"replies":[{"embeddable":true,"href":"https:\/\/akorug.ch\/en\/wp-json\/wp\/v2\/comments?post=3644"}],"version-history":[{"count":16,"href":"https:\/\/akorug.ch\/en\/wp-json\/wp\/v2\/pages\/3644\/revisions"}],"predecessor-version":[{"id":3970,"href":"https:\/\/akorug.ch\/en\/wp-json\/wp\/v2\/pages\/3644\/revisions\/3970"}],"wp:attachment":[{"href":"https:\/\/akorug.ch\/en\/wp-json\/wp\/v2\/media?parent=3644"}],"curies":[{"name":"wp","href":"https:\/\/api.w.org\/{rel}","templated":true}]}}