{"id":1783,"date":"2014-07-29T16:47:47","date_gmt":"2014-07-29T16:47:47","guid":{"rendered":"http:\/\/akorug.ch\/?page_id=1783"},"modified":"2025-03-07T10:19:02","modified_gmt":"2025-03-07T10:19:02","slug":"impressionen","status":"publish","type":"page","link":"https:\/\/akorug.ch\/en\/impressionen\/","title":{"rendered":"News"},"content":{"rendered":"<section class=\"wpb-content-wrapper\"><p>[vc_row][vc_column][vc_separator color=&#8221;orange&#8221;][\/vc_column][\/vc_row][vc_row][vc_column][vc_column_text]<\/p>\n<p id=\"tw-target-text\" class=\"tw-data-text tw-text-large tw-ta\" data-placeholder=\"\u00dcbersetzung\"><span style=\"font-size: 21px;\">We have found a new home. <\/span><\/p>\n<p data-placeholder=\"\u00dcbersetzung\">We would be happy to welcome yor to our new address in<\/p>\n<p class=\"tw-data-text tw-text-large tw-ta\" style=\"text-align: center;\" data-placeholder=\"\u00dcbersetzung\"><span style=\"color: #000000; font-size: 21px;\">Branch Cham (warehouse sale)<\/span><\/p>\n<p class=\"tw-data-text tw-text-large tw-ta\" style=\"text-align: center;\" data-placeholder=\"\u00dcbersetzung\"><span style=\"color: #ff0000; font-size: 24px;\"><strong>Riedstrasse 1, 6330 Cham<\/strong><\/span><\/p>\n<p>[\/vc_column_text][\/vc_column][\/vc_row][vc_row][vc_column][vc_gallery interval=&#8221;3&#8243; images=&#8221;33134,33127&#8243; img_size=&#8221;1200&#215;800&#8243;][vc_separator color=&#8221;orange&#8221;][\/vc_column][\/vc_row][vc_row][vc_column][vc_column_text]<\/p>\n<p style=\"text-align: center;\"><span style=\"font-size: 21px; color: #000000;\">Branch Zug (Neustadt Passage Zug)<\/span><\/p>\n<p style=\"text-align: center;\"><strong><span style=\"font-size: 24px; color: #ff0000;\">Baarerstrasse 2, 6300 Zug<\/span><\/strong><\/p>\n<p>[\/vc_column_text][\/vc_column][\/vc_row][vc_row][vc_column][vc_gallery interval=&#8221;3&#8243; images=&#8221;33138,33137&#8243; img_size=&#8221;1200&#215;800&#8243;][\/vc_column][\/vc_row]<\/p>\n<\/section>","protected":false},"excerpt":{"rendered":"<p>[vc_row][vc_column][vc_separator color=&#8221;orange&#8221;][\/vc_column][\/vc_row][vc_row][vc_column][vc_column_text] We have found a new home. We would be happy to welcome yor to our new address in Branch Cham (warehouse sale) Riedstrasse 1, 6330 Cham [\/vc_column_text][\/vc_column][\/vc_row][vc_row][vc_column][vc_gallery interval=&#8221;3&#8243; images=&#8221;33134,33127&#8243; img_size=&#8221;1200&#215;800&#8243;][vc_separator color=&#8221;orange&#8221;][\/vc_column][\/vc_row][vc_row][vc_column][vc_column_text] Branch Zug (Neustadt Passage Zug) Baarerstrasse 2, 6300 Zug [\/vc_column_text][\/vc_column][\/vc_row][vc_row][vc_column][vc_gallery interval=&#8221;3&#8243; images=&#8221;33138,33137&#8243; img_size=&#8221;1200&#215;800&#8243;][\/vc_column][\/vc_row]<\/p>\n","protected":false},"author":1,"featured_media":16733,"parent":0,"menu_order":0,"comment_status":"open","ping_status":"open","template":"inner-page.php","meta":{"_mi_skip_tracking":false,"_exactmetrics_sitenote_active":false,"_exactmetrics_sitenote_note":"","_exactmetrics_sitenote_category":0,"footnotes":""},"class_list":["post-1783","page","type-page","status-publish","has-post-thumbnail","hentry"],"yoast_head":"<!-- This site is optimized with the Yoast SEO plugin v21.4 - https:\/\/yoast.com\/wordpress\/plugins\/seo\/ -->\n<title>G\u00fcnstige Perser- und Seidenteppiche kaufen und die News lesen<\/title>\n<meta name=\"description\" content=\"Kaufen Sie g\u00fcnstige Perser- und Seidenteppiche bei der Akorug w\u00e4hrend Sie unsere News lesen und mehr \u00fcber uns erfahren\" \/>\n<meta name=\"robots\" content=\"index, follow, max-snippet:-1, max-image-preview:large, max-video-preview:-1\" \/>\n<link rel=\"canonical\" href=\"https:\/\/akorug.ch\/impressionen\/\" \/>\n<meta property=\"og:locale\" content=\"en_US\" \/>\n<meta property=\"og:type\" content=\"article\" \/>\n<meta property=\"og:title\" content=\"G\u00fcnstige Perser- und Seidenteppiche kaufen und die News lesen\" \/>\n<meta property=\"og:description\" content=\"Kaufen Sie g\u00fcnstige Perser- und Seidenteppiche bei der Akorug w\u00e4hrend Sie unsere News lesen und mehr \u00fcber uns erfahren\" \/>\n<meta property=\"og:url\" content=\"https:\/\/akorug.ch\/impressionen\/\" \/>\n<meta property=\"og:site_name\" content=\"Akorug\" \/>\n<meta property=\"article:modified_time\" content=\"2025-03-07T10:19:02+00:00\" \/>\n<meta property=\"og:image\" content=\"https:\/\/akorug.ch\/assets\/News-Home.jpg\" \/>\n\t<meta property=\"og:image:width\" content=\"746\" \/>\n\t<meta property=\"og:image:height\" content=\"746\" \/>\n\t<meta property=\"og:image:type\" content=\"image\/jpeg\" \/>\n<meta name=\"twitter:card\" content=\"summary_large_image\" \/>\n<meta name=\"twitter:label1\" content=\"Est. reading time\" \/>\n\t<meta name=\"twitter:data1\" content=\"1 minute\" \/>\n<script type=\"application\/ld+json\" class=\"yoast-schema-graph\">{\"@context\":\"https:\/\/schema.org\",\"@graph\":[{\"@type\":\"WebPage\",\"@id\":\"https:\/\/akorug.ch\/impressionen\/\",\"url\":\"https:\/\/akorug.ch\/impressionen\/\",\"name\":\"G\u00fcnstige Perser- und Seidenteppiche kaufen und die News lesen\",\"isPartOf\":{\"@id\":\"https:\/\/akorug.ch\/#website\"},\"datePublished\":\"2014-07-29T16:47:47+00:00\",\"dateModified\":\"2025-03-07T10:19:02+00:00\",\"description\":\"Kaufen Sie g\u00fcnstige Perser- und Seidenteppiche bei der Akorug w\u00e4hrend Sie unsere News lesen und mehr \u00fcber uns erfahren\",\"breadcrumb\":{\"@id\":\"https:\/\/akorug.ch\/impressionen\/#breadcrumb\"},\"inLanguage\":\"en-US\",\"potentialAction\":[{\"@type\":\"ReadAction\",\"target\":[\"https:\/\/akorug.ch\/impressionen\/\"]}]},{\"@type\":\"BreadcrumbList\",\"@id\":\"https:\/\/akorug.ch\/impressionen\/#breadcrumb\",\"itemListElement\":[{\"@type\":\"ListItem\",\"position\":1,\"name\":\"Startseite\",\"item\":\"https:\/\/akorug.ch\/\"},{\"@type\":\"ListItem\",\"position\":2,\"name\":\"News\"}]},{\"@type\":\"WebSite\",\"@id\":\"https:\/\/akorug.ch\/#website\",\"url\":\"https:\/\/akorug.ch\/\",\"name\":\"Akorug\",\"description\":\"Akorug AG - Hier finden Sie ihr Teppich!\",\"publisher\":{\"@id\":\"https:\/\/akorug.ch\/#organization\"},\"potentialAction\":[{\"@type\":\"SearchAction\",\"target\":{\"@type\":\"EntryPoint\",\"urlTemplate\":\"https:\/\/akorug.ch\/?s={search_term_string}\"},\"query-input\":\"required name=search_term_string\"}],\"inLanguage\":\"en-US\"},{\"@type\":\"Organization\",\"@id\":\"https:\/\/akorug.ch\/#organization\",\"name\":\"Akorug\",\"url\":\"https:\/\/akorug.ch\/\",\"logo\":{\"@type\":\"ImageObject\",\"inLanguage\":\"en-US\",\"@id\":\"https:\/\/akorug.ch\/#\/schema\/logo\/image\/\",\"url\":\"https:\/\/akorug.ch\/assets\/akorug.png\",\"contentUrl\":\"https:\/\/akorug.ch\/assets\/akorug.png\",\"width\":130,\"height\":100,\"caption\":\"Akorug\"},\"image\":{\"@id\":\"https:\/\/akorug.ch\/#\/schema\/logo\/image\/\"}}]}<\/script>\n<!-- \/ Yoast SEO plugin. -->","yoast_head_json":{"title":"G\u00fcnstige Perser- und Seidenteppiche kaufen und die News lesen","description":"Kaufen Sie g\u00fcnstige Perser- und Seidenteppiche bei der Akorug w\u00e4hrend Sie unsere News lesen und mehr \u00fcber uns erfahren","robots":{"index":"index","follow":"follow","max-snippet":"max-snippet:-1","max-image-preview":"max-image-preview:large","max-video-preview":"max-video-preview:-1"},"canonical":"https:\/\/akorug.ch\/impressionen\/","og_locale":"en_US","og_type":"article","og_title":"G\u00fcnstige Perser- und Seidenteppiche kaufen und die News lesen","og_description":"Kaufen Sie g\u00fcnstige Perser- und Seidenteppiche bei der Akorug w\u00e4hrend Sie unsere News lesen und mehr \u00fcber uns erfahren","og_url":"https:\/\/akorug.ch\/impressionen\/","og_site_name":"Akorug","article_modified_time":"2025-03-07T10:19:02+00:00","og_image":[{"width":746,"height":746,"url":"https:\/\/akorug.ch\/assets\/News-Home.jpg","type":"image\/jpeg"}],"twitter_card":"summary_large_image","twitter_misc":{"Est. reading time":"1 minute"},"schema":{"@context":"https:\/\/schema.org","@graph":[{"@type":"WebPage","@id":"https:\/\/akorug.ch\/impressionen\/","url":"https:\/\/akorug.ch\/impressionen\/","name":"G\u00fcnstige Perser- und Seidenteppiche kaufen und die News lesen","isPartOf":{"@id":"https:\/\/akorug.ch\/#website"},"datePublished":"2014-07-29T16:47:47+00:00","dateModified":"2025-03-07T10:19:02+00:00","description":"Kaufen Sie g\u00fcnstige Perser- und Seidenteppiche bei der Akorug w\u00e4hrend Sie unsere News lesen und mehr \u00fcber uns erfahren","breadcrumb":{"@id":"https:\/\/akorug.ch\/impressionen\/#breadcrumb"},"inLanguage":"en-US","potentialAction":[{"@type":"ReadAction","target":["https:\/\/akorug.ch\/impressionen\/"]}]},{"@type":"BreadcrumbList","@id":"https:\/\/akorug.ch\/impressionen\/#breadcrumb","itemListElement":[{"@type":"ListItem","position":1,"name":"Startseite","item":"https:\/\/akorug.ch\/"},{"@type":"ListItem","position":2,"name":"News"}]},{"@type":"WebSite","@id":"https:\/\/akorug.ch\/#website","url":"https:\/\/akorug.ch\/","name":"Akorug","description":"Akorug AG - Hier finden Sie ihr Teppich!","publisher":{"@id":"https:\/\/akorug.ch\/#organization"},"potentialAction":[{"@type":"SearchAction","target":{"@type":"EntryPoint","urlTemplate":"https:\/\/akorug.ch\/?s={search_term_string}"},"query-input":"required name=search_term_string"}],"inLanguage":"en-US"},{"@type":"Organization","@id":"https:\/\/akorug.ch\/#organization","name":"Akorug","url":"https:\/\/akorug.ch\/","logo":{"@type":"ImageObject","inLanguage":"en-US","@id":"https:\/\/akorug.ch\/#\/schema\/logo\/image\/","url":"https:\/\/akorug.ch\/assets\/akorug.png","contentUrl":"https:\/\/akorug.ch\/assets\/akorug.png","width":130,"height":100,"caption":"Akorug"},"image":{"@id":"https:\/\/akorug.ch\/#\/schema\/logo\/image\/"}}]}},"_links":{"self":[{"href":"https:\/\/akorug.ch\/en\/wp-json\/wp\/v2\/pages\/1783","targetHints":{"allow":["GET"]}}],"collection":[{"href":"https:\/\/akorug.ch\/en\/wp-json\/wp\/v2\/pages"}],"about":[{"href":"https:\/\/akorug.ch\/en\/wp-json\/wp\/v2\/types\/page"}],"author":[{"embeddable":true,"href":"https:\/\/akorug.ch\/en\/wp-json\/wp\/v2\/users\/1"}],"replies":[{"embeddable":true,"href":"https:\/\/akorug.ch\/en\/wp-json\/wp\/v2\/comments?post=1783"}],"version-history":[{"count":98,"href":"https:\/\/akorug.ch\/en\/wp-json\/wp\/v2\/pages\/1783\/revisions"}],"predecessor-version":[{"id":33139,"href":"https:\/\/akorug.ch\/en\/wp-json\/wp\/v2\/pages\/1783\/revisions\/33139"}],"wp:featuredmedia":[{"embeddable":true,"href":"https:\/\/akorug.ch\/en\/wp-json\/wp\/v2\/media\/16733"}],"wp:attachment":[{"href":"https:\/\/akorug.ch\/en\/wp-json\/wp\/v2\/media?parent=1783"}],"curies":[{"name":"wp","href":"https:\/\/api.w.org\/{rel}","templated":true}]}}