{"id":16242,"date":"2019-01-12T09:39:46","date_gmt":"2019-01-12T09:39:46","guid":{"rendered":"https:\/\/akorug.ch\/beta\/?page_id=16242"},"modified":"2023-07-24T08:37:55","modified_gmt":"2023-07-24T08:37:55","slug":"gabbeh","status":"publish","type":"page","link":"https:\/\/akorug.ch\/en\/gabbeh\/","title":{"rendered":"Gabbeh"},"content":{"rendered":"<section class=\"wpb-content-wrapper\"><p>[\/vc_column_text][\/vc_column][\/vc_row][vc_row][vc_column][vc_separator color=&#8221;orange&#8221;][vc_column_text]<strong><span style=\"font-size: 14pt;\">Gabbeh-Art Nomadic Rugs, South Persia<\/span><\/strong><\/p>\n<p><span style=\"font-family: georgia, palatino, serif;\">The Gabbeh rug, the predecessor of today&#8217;s Luribaft, is a rather coarsely knotted Persian rug, which is knotted by nomads in South Persia. However, the design is rather unusual compared to the Luribaft, as most Gabbehs have dazzling colors and abstract, geometric patterns.<\/span><\/p>\n<p><span style=\"font-family: georgia, palatino, serif;\">The material used is predominantly vegetable dyed wool. As a knotting technique, the senneh knot is applied, which contributes to the robustness of the rug. This results in approximately 50,000 to 100,000 knots per m<sup>2<\/sup> , so that the rug is also pleasantly soft and therefore also suitable for children&#8217;s rooms.<\/span><\/p>\n<p><span style=\"font-family: georgia, palatino, serif;\">With the lower number of knots also less work is required , which is why the Gabbehs are very inexpensive and thus really a bargain.<\/span>[\/vc_column_text][vc_empty_space height=&#8221;70&#8243;][\/vc_column][\/vc_row][vc_row][vc_column][vc_column_text][\/vc_column_text][\/vc_column][\/vc_row][vc_row][vc_column][vc_separator color=&#8221;orange&#8221;][vc_column_text]<strong><span style=\"font-size: 14pt;\">Gabbeh-Art Nomadic Rugs, South Persia<\/span><\/strong><\/p>\n<p><span style=\"font-family: georgia, palatino, serif;\">The Gabbeh rug, the predecessor of today&#8217;s Luribaft, is a rather coarsely knotted Persian rug, which is knotted by nomads in South Persia. However, the design is rather unusual compared to the Luribaft, as most Gabbehs have dazzling colors and abstract, geometric patterns.<\/span><\/p>\n<p><span style=\"font-family: georgia, palatino, serif;\">The material used is predominantly vegetable dyed wool. As a knotting technique, the senneh knot is applied, which contributes to the robustness of the rug. This results in approximately 50,000 to 100,000 knots per m<sup>2<\/sup> , so that the rug is also pleasantly soft and therefore also suitable for children&#8217;s rooms.<\/span><\/p>\n<p><span style=\"font-family: georgia, palatino, serif;\">With the lower number of knots also less work is required , which is why the Gabbehs are very inexpensive and thus really a bargain.<\/span>[\/vc_column_text][vc_empty_space height=&#8221;70&#8243;][\/vc_column][\/vc_row]<\/p>\n<\/section>","protected":false},"excerpt":{"rendered":"<p>[\/vc_column_text][\/vc_column][\/vc_row][vc_row][vc_column][vc_separator color=&#8221;orange&#8221;][vc_column_text]Gabbeh-Art Nomadic Rugs, South Persia The Gabbeh rug, the predecessor of today&#8217;s Luribaft, is a rather coarsely knotted Persian rug, which is knotted by nomads in South Persia. However, the design is rather unusual compared to the Luribaft, as most Gabbehs have dazzling colors and abstract, geometric patterns. The material used is predominantly vegetable dyed wool. As a knotting &hellip; <a href=\"https:\/\/akorug.ch\/en\/gabbeh\/\">&prop; View Full Article <\/a><\/p>\n","protected":false},"author":3,"featured_media":16954,"parent":0,"menu_order":0,"comment_status":"closed","ping_status":"closed","template":"inner-page.php","meta":{"_mi_skip_tracking":false,"_exactmetrics_sitenote_active":false,"_exactmetrics_sitenote_note":"","_exactmetrics_sitenote_category":0,"footnotes":""},"class_list":["post-16242","page","type-page","status-publish","has-post-thumbnail","hentry"],"yoast_head":"<!-- This site is optimized with the Yoast SEO plugin v21.4 - https:\/\/yoast.com\/wordpress\/plugins\/seo\/ -->\n<title>Der Gabbeh Teppich ist ein eher grob gekn\u00fcpfter Perserteppich<\/title>\n<meta name=\"description\" content=\"F\u00fcr die Kn\u00fcpfung wird \u00fcberwiegend Schafwolle verwendet, welches gleich wie beim Luribaft mittels Pflanzenfarben gef\u00e4rbt wird.\" \/>\n<meta name=\"robots\" content=\"index, follow, max-snippet:-1, max-image-preview:large, max-video-preview:-1\" \/>\n<link rel=\"canonical\" href=\"https:\/\/akorug.ch\/gabbeh\/\" \/>\n<meta property=\"og:locale\" content=\"en_US\" \/>\n<meta property=\"og:type\" content=\"article\" \/>\n<meta property=\"og:title\" content=\"Der Gabbeh Teppich ist ein eher grob gekn\u00fcpfter Perserteppich\" \/>\n<meta property=\"og:description\" content=\"F\u00fcr die Kn\u00fcpfung wird \u00fcberwiegend Schafwolle verwendet, welches gleich wie beim Luribaft mittels Pflanzenfarben gef\u00e4rbt wird.\" \/>\n<meta property=\"og:url\" content=\"https:\/\/akorug.ch\/gabbeh\/\" \/>\n<meta property=\"og:site_name\" content=\"Akorug\" \/>\n<meta property=\"article:modified_time\" content=\"2023-07-24T08:37:55+00:00\" \/>\n<meta property=\"og:image\" content=\"https:\/\/akorug.ch\/assets\/Karte-Shiras-746.jpg\" \/>\n\t<meta property=\"og:image:width\" content=\"746\" \/>\n\t<meta property=\"og:image:height\" content=\"746\" \/>\n\t<meta property=\"og:image:type\" content=\"image\/jpeg\" \/>\n<meta name=\"twitter:card\" content=\"summary_large_image\" \/>\n<meta name=\"twitter:label1\" content=\"Est. reading time\" \/>\n\t<meta name=\"twitter:data1\" content=\"2 minutes\" \/>\n<script type=\"application\/ld+json\" class=\"yoast-schema-graph\">{\"@context\":\"https:\/\/schema.org\",\"@graph\":[{\"@type\":\"WebPage\",\"@id\":\"https:\/\/akorug.ch\/gabbeh\/\",\"url\":\"https:\/\/akorug.ch\/gabbeh\/\",\"name\":\"Der Gabbeh Teppich ist ein eher grob gekn\u00fcpfter Perserteppich\",\"isPartOf\":{\"@id\":\"https:\/\/akorug.ch\/#website\"},\"datePublished\":\"2019-01-12T09:39:46+00:00\",\"dateModified\":\"2023-07-24T08:37:55+00:00\",\"description\":\"F\u00fcr die Kn\u00fcpfung wird \u00fcberwiegend Schafwolle verwendet, welches gleich wie beim Luribaft mittels Pflanzenfarben gef\u00e4rbt wird.\",\"breadcrumb\":{\"@id\":\"https:\/\/akorug.ch\/gabbeh\/#breadcrumb\"},\"inLanguage\":\"en-US\",\"potentialAction\":[{\"@type\":\"ReadAction\",\"target\":[\"https:\/\/akorug.ch\/gabbeh\/\"]}]},{\"@type\":\"BreadcrumbList\",\"@id\":\"https:\/\/akorug.ch\/gabbeh\/#breadcrumb\",\"itemListElement\":[{\"@type\":\"ListItem\",\"position\":1,\"name\":\"Startseite\",\"item\":\"https:\/\/akorug.ch\/\"},{\"@type\":\"ListItem\",\"position\":2,\"name\":\"Gabbeh\"}]},{\"@type\":\"WebSite\",\"@id\":\"https:\/\/akorug.ch\/#website\",\"url\":\"https:\/\/akorug.ch\/\",\"name\":\"Akorug\",\"description\":\"Akorug AG - Hier finden Sie ihr Teppich!\",\"publisher\":{\"@id\":\"https:\/\/akorug.ch\/#organization\"},\"potentialAction\":[{\"@type\":\"SearchAction\",\"target\":{\"@type\":\"EntryPoint\",\"urlTemplate\":\"https:\/\/akorug.ch\/?s={search_term_string}\"},\"query-input\":\"required name=search_term_string\"}],\"inLanguage\":\"en-US\"},{\"@type\":\"Organization\",\"@id\":\"https:\/\/akorug.ch\/#organization\",\"name\":\"Akorug\",\"url\":\"https:\/\/akorug.ch\/\",\"logo\":{\"@type\":\"ImageObject\",\"inLanguage\":\"en-US\",\"@id\":\"https:\/\/akorug.ch\/#\/schema\/logo\/image\/\",\"url\":\"https:\/\/akorug.ch\/assets\/akorug.png\",\"contentUrl\":\"https:\/\/akorug.ch\/assets\/akorug.png\",\"width\":130,\"height\":100,\"caption\":\"Akorug\"},\"image\":{\"@id\":\"https:\/\/akorug.ch\/#\/schema\/logo\/image\/\"}}]}<\/script>\n<!-- \/ Yoast SEO plugin. -->","yoast_head_json":{"title":"Der Gabbeh Teppich ist ein eher grob gekn\u00fcpfter Perserteppich","description":"F\u00fcr die Kn\u00fcpfung wird \u00fcberwiegend Schafwolle verwendet, welches gleich wie beim Luribaft mittels Pflanzenfarben gef\u00e4rbt wird.","robots":{"index":"index","follow":"follow","max-snippet":"max-snippet:-1","max-image-preview":"max-image-preview:large","max-video-preview":"max-video-preview:-1"},"canonical":"https:\/\/akorug.ch\/gabbeh\/","og_locale":"en_US","og_type":"article","og_title":"Der Gabbeh Teppich ist ein eher grob gekn\u00fcpfter Perserteppich","og_description":"F\u00fcr die Kn\u00fcpfung wird \u00fcberwiegend Schafwolle verwendet, welches gleich wie beim Luribaft mittels Pflanzenfarben gef\u00e4rbt wird.","og_url":"https:\/\/akorug.ch\/gabbeh\/","og_site_name":"Akorug","article_modified_time":"2023-07-24T08:37:55+00:00","og_image":[{"width":746,"height":746,"url":"https:\/\/akorug.ch\/assets\/Karte-Shiras-746.jpg","type":"image\/jpeg"}],"twitter_card":"summary_large_image","twitter_misc":{"Est. reading time":"2 minutes"},"schema":{"@context":"https:\/\/schema.org","@graph":[{"@type":"WebPage","@id":"https:\/\/akorug.ch\/gabbeh\/","url":"https:\/\/akorug.ch\/gabbeh\/","name":"Der Gabbeh Teppich ist ein eher grob gekn\u00fcpfter Perserteppich","isPartOf":{"@id":"https:\/\/akorug.ch\/#website"},"datePublished":"2019-01-12T09:39:46+00:00","dateModified":"2023-07-24T08:37:55+00:00","description":"F\u00fcr die Kn\u00fcpfung wird \u00fcberwiegend Schafwolle verwendet, welches gleich wie beim Luribaft mittels Pflanzenfarben gef\u00e4rbt wird.","breadcrumb":{"@id":"https:\/\/akorug.ch\/gabbeh\/#breadcrumb"},"inLanguage":"en-US","potentialAction":[{"@type":"ReadAction","target":["https:\/\/akorug.ch\/gabbeh\/"]}]},{"@type":"BreadcrumbList","@id":"https:\/\/akorug.ch\/gabbeh\/#breadcrumb","itemListElement":[{"@type":"ListItem","position":1,"name":"Startseite","item":"https:\/\/akorug.ch\/"},{"@type":"ListItem","position":2,"name":"Gabbeh"}]},{"@type":"WebSite","@id":"https:\/\/akorug.ch\/#website","url":"https:\/\/akorug.ch\/","name":"Akorug","description":"Akorug AG - Hier finden Sie ihr Teppich!","publisher":{"@id":"https:\/\/akorug.ch\/#organization"},"potentialAction":[{"@type":"SearchAction","target":{"@type":"EntryPoint","urlTemplate":"https:\/\/akorug.ch\/?s={search_term_string}"},"query-input":"required name=search_term_string"}],"inLanguage":"en-US"},{"@type":"Organization","@id":"https:\/\/akorug.ch\/#organization","name":"Akorug","url":"https:\/\/akorug.ch\/","logo":{"@type":"ImageObject","inLanguage":"en-US","@id":"https:\/\/akorug.ch\/#\/schema\/logo\/image\/","url":"https:\/\/akorug.ch\/assets\/akorug.png","contentUrl":"https:\/\/akorug.ch\/assets\/akorug.png","width":130,"height":100,"caption":"Akorug"},"image":{"@id":"https:\/\/akorug.ch\/#\/schema\/logo\/image\/"}}]}},"_links":{"self":[{"href":"https:\/\/akorug.ch\/en\/wp-json\/wp\/v2\/pages\/16242","targetHints":{"allow":["GET"]}}],"collection":[{"href":"https:\/\/akorug.ch\/en\/wp-json\/wp\/v2\/pages"}],"about":[{"href":"https:\/\/akorug.ch\/en\/wp-json\/wp\/v2\/types\/page"}],"author":[{"embeddable":true,"href":"https:\/\/akorug.ch\/en\/wp-json\/wp\/v2\/users\/3"}],"replies":[{"embeddable":true,"href":"https:\/\/akorug.ch\/en\/wp-json\/wp\/v2\/comments?post=16242"}],"version-history":[{"count":21,"href":"https:\/\/akorug.ch\/en\/wp-json\/wp\/v2\/pages\/16242\/revisions"}],"predecessor-version":[{"id":32362,"href":"https:\/\/akorug.ch\/en\/wp-json\/wp\/v2\/pages\/16242\/revisions\/32362"}],"wp:featuredmedia":[{"embeddable":true,"href":"https:\/\/akorug.ch\/en\/wp-json\/wp\/v2\/media\/16954"}],"wp:attachment":[{"href":"https:\/\/akorug.ch\/en\/wp-json\/wp\/v2\/media?parent=16242"}],"curies":[{"name":"wp","href":"https:\/\/api.w.org\/{rel}","templated":true}]}}